{"id":5410,"date":"2026-02-20T23:14:31","date_gmt":"2026-02-20T22:14:31","guid":{"rendered":"https:\/\/accpl.es\/entradas\/?post_type=product&#038;p=5410"},"modified":"2026-02-20T23:17:56","modified_gmt":"2026-02-20T22:17:56","slug":"un-dia-de-camino-de-rocio-2026-lista-de-espera","status":"publish","type":"product","link":"https:\/\/accpl.es\/entradas\/producto\/un-dia-de-camino-de-rocio-2026-lista-de-espera\/","title":{"rendered":"Un d\u00eda de camino de Roc\u00edo 2026 (lista de espera)"},"content":{"rendered":"<p>[et_pb_section fb_built=\u00bb1&#8243; _builder_version=\u00bb4.16&#8243; custom_padding=\u00bb0px||||false|false\u00bb global_colors_info=\u00bb{}\u00bb][et_pb_row _builder_version=\u00bb4.16&#8243; background_size=\u00bbinitial\u00bb background_position=\u00bbtop_left\u00bb background_repeat=\u00bbrepeat\u00bb width=\u00bb100%\u00bb custom_padding=\u00bb0px||0px||false|false\u00bb global_colors_info=\u00bb{}\u00bb][et_pb_column type=\u00bb4_4&#8243; _builder_version=\u00bb4.16&#8243; custom_padding=\u00bb|||\u00bb global_colors_info=\u00bb{}\u00bb custom_padding__hover=\u00bb|||\u00bb][et_pb_wc_breadcrumb _builder_version=\u00bb4.16&#8243; global_colors_info=\u00bb{}\u00bb][\/et_pb_wc_breadcrumb][et_pb_wc_cart_notice _builder_version=\u00bb4.16&#8243; global_colors_info=\u00bb{}\u00bb][\/et_pb_wc_cart_notice][\/et_pb_column][\/et_pb_row][et_pb_row column_structure=\u00bb1_2,1_2&#8243; _builder_version=\u00bb4.16&#8243; background_size=\u00bbinitial\u00bb background_position=\u00bbtop_left\u00bb background_repeat=\u00bbrepeat\u00bb width=\u00bb100%\u00bb custom_padding=\u00bb0px||||false|false\u00bb global_colors_info=\u00bb{}\u00bb][et_pb_column type=\u00bb1_2&#8243; _builder_version=\u00bb4.16&#8243; custom_padding=\u00bb|||\u00bb global_colors_info=\u00bb{}\u00bb custom_padding__hover=\u00bb|||\u00bb][et_pb_wc_images _builder_version=\u00bb4.16&#8243; global_colors_info=\u00bb{}\u00bb][\/et_pb_wc_images][et_pb_wc_description _builder_version=\u00bb4.16&#8243; global_colors_info=\u00bb{}\u00bb][\/et_pb_wc_description][et_pb_text _builder_version=\u00bb4.27.5&#8243; _module_preset=\u00bbdefault\u00bb text_font_size=\u00bb16px\u00bb global_colors_info=\u00bb{}\u00bb]<\/p>\n<p>Solo podr\u00e1n asistir 1 socio y 1 acompa\u00f1ante<\/p>\n<p>Si quedaran plazas libres no utilizadas por los socios, podr\u00e1n ser ocupadas por otros acompa\u00f1antes al precio de 84 euros por persona (enlace activo para que se anoten a la lista de espera para el caso de que existan plazas libres)<\/p>\n<p>&nbsp;<\/p>\n<p>[\/et_pb_text][\/et_pb_column][et_pb_column type=\u00bb1_2&#8243; _builder_version=\u00bb4.16&#8243; custom_padding=\u00bb|||\u00bb global_colors_info=\u00bb{}\u00bb custom_padding__hover=\u00bb|||\u00bb][et_pb_wc_title _builder_version=\u00bb4.16&#8243; global_colors_info=\u00bb{}\u00bb][\/et_pb_wc_title][et_pb_text _builder_version=\u00bb4.27.5&#8243; _module_preset=\u00bbdefault\u00bb text_font_size=\u00bb16px\u00bb hover_enabled=\u00bb0&#8243; global_colors_info=\u00bb{}\u00bb sticky_enabled=\u00bb0&#8243;]<\/p>\n<p>D\u00eda: <strong>JUEVES 19 de marzo<\/strong><\/p>\n<p>Hora salida: <strong>09:30 AM<\/strong><\/p>\n<p><strong><span style=\"color: #ff0000;\">ATENCI\u00d3N<\/span>: <\/strong>Cada socio debe de realizar su reserva<\/p>\n<p>Haz esta reserva si se han agotado las plazas. Si existieran plazas libres se te comunicar\u00e1 para proceder al pago de la actividad.<\/p>\n<p>&nbsp;<\/p>\n<p>[\/et_pb_text][et_pb_wc_rating disabled_on=\u00bbon|on|on\u00bb _builder_version=\u00bb4.16&#8243; disabled=\u00bbon\u00bb global_colors_info=\u00bb{}\u00bb][\/et_pb_wc_rating][et_pb_wc_price disabled_on=\u00bbon|on|on\u00bb _builder_version=\u00bb4.16&#8243; disabled=\u00bbon\u00bb global_colors_info=\u00bb{}\u00bb][\/et_pb_wc_price][et_pb_wc_add_to_cart _builder_version=\u00bb4.16&#8243; global_colors_info=\u00bb{}\u00bb][\/et_pb_wc_add_to_cart][et_pb_wc_meta _builder_version=\u00bb4.16&#8243; global_colors_info=\u00bb{}\u00bb][\/et_pb_wc_meta][\/et_pb_column][\/et_pb_row][et_pb_row _builder_version=\u00bb4.16&#8243; background_size=\u00bbinitial\u00bb background_position=\u00bbtop_left\u00bb background_repeat=\u00bbrepeat\u00bb width=\u00bb100%\u00bb global_colors_info=\u00bb{}\u00bb][et_pb_column type=\u00bb4_4&#8243; _builder_version=\u00bb4.16&#8243; custom_padding=\u00bb|||\u00bb global_colors_info=\u00bb{}\u00bb custom_padding__hover=\u00bb|||\u00bb][et_pb_wc_tabs _builder_version=\u00bb4.16&#8243; global_colors_info=\u00bb{}\u00bb] [\/et_pb_wc_tabs][et_pb_wc_upsells _builder_version=\u00bb4.16&#8243; global_colors_info=\u00bb{}\u00bb][\/et_pb_wc_upsells][et_pb_wc_related_products disabled_on=\u00bbon|on|on\u00bb _builder_version=\u00bb4.16&#8243; disabled=\u00bbon\u00bb global_colors_info=\u00bb{}\u00bb][\/et_pb_wc_related_products][\/et_pb_column][\/et_pb_row][\/et_pb_section][et_pb_section fb_built=\u00bb1&#8243; admin_label=\u00bbFooter\u00bb module_id=\u00bbcontacto\u00bb _builder_version=\u00bb4.10.6&#8243; _module_preset=\u00bbdefault\u00bb background_color=\u00bb#000000&#8243; global_module=\u00bb647&#8243; saved_tabs=\u00bball\u00bb locked=\u00bboff\u00bb global_colors_info=\u00bb{}\u00bb][et_pb_row column_structure=\u00bb1_2,1_4,1_4&#8243; _builder_version=\u00bb4.16&#8243; _module_preset=\u00bbdefault\u00bb global_colors_info=\u00bb{}\u00bb][et_pb_column type=\u00bb1_2&#8243; _builder_version=\u00bb4.16&#8243; _module_preset=\u00bbdefault\u00bb global_colors_info=\u00bb{}\u00bb][et_pb_text _builder_version=\u00bb4.16&#8243; _module_preset=\u00bbdefault\u00bb text_font=\u00bbBebas Neue||||||||\u00bb text_text_color=\u00bb#ffffff\u00bb text_font_size=\u00bb40px\u00bb text_letter_spacing=\u00bb0.05em\u00bb text_line_height=\u00bb1.2em\u00bb link_text_color=\u00bb#ffffff\u00bb header_3_font=\u00bbBebas Neue||||||||\u00bb header_3_text_color=\u00bbrgba(255,255,255,0.48)\u00bb text_font_size_tablet=\u00bb30px\u00bb text_font_size_phone=\u00bb22px\u00bb text_font_size_last_edited=\u00bbon|tablet\u00bb global_colors_info=\u00bb{}\u00bb]<\/p>\n<h3>Tel\u00e9fono<\/h3>\n<p>955 47 38 04<\/p>\n<p>[\/et_pb_text][et_pb_text _builder_version=\u00bb4.16&#8243; _module_preset=\u00bbdefault\u00bb text_font=\u00bb||||||||\u00bb text_font_size=\u00bb40px\u00bb text_letter_spacing=\u00bb0.05px\u00bb header_3_font=\u00bbBebas Neue||||||||\u00bb header_3_text_color=\u00bbrgba(255,255,255,0.48)\u00bb global_colors_info=\u00bb{}\u00bb]<\/p>\n<h3>Email<\/h3>\n<p><a href=\"mailto:accpl@accpl.es\">accpl@accpl.es<\/a><\/p>\n<p>[\/et_pb_text][et_pb_social_media_follow disabled_on=\u00bbon|on|on\u00bb _builder_version=\u00bb4.16&#8243; _module_preset=\u00bbdefault\u00bb disabled=\u00bbon\u00bb global_colors_info=\u00bb{}\u00bb body_font_size_tablet=\u00bb20px\u00bb body_font_size_phone=\u00bb16px\u00bb body_font_size_last_edited=\u00bbon|phone\u00bb icon_color__hover_enabled=\u00bbon|hover\u00bb icon_color__hover=\u00bb#ea3900&#8243;][et_pb_social_media_follow_network social_network=\u00bbfacebook\u00bb url=\u00bbhttps:\/\/www.facebook.com\/Info-Paraiso-197082217383203&#8243; _builder_version=\u00bb4.16&#8243; _module_preset=\u00bbdefault\u00bb background_enable_color=\u00bboff\u00bb global_colors_info=\u00bb{}\u00bb follow_button=\u00bboff\u00bb url_new_window=\u00bbon\u00bb]facebook[\/et_pb_social_media_follow_network][et_pb_social_media_follow_network social_network=\u00bbinstagram\u00bb url=\u00bbhttps:\/\/www.instagram.com\/infoparaiso\/\u00bb _builder_version=\u00bb4.16&#8243; _module_preset=\u00bbdefault\u00bb background_color=\u00bb#ea2c59&#8243; background_enable_color=\u00bboff\u00bb global_colors_info=\u00bb{}\u00bb follow_button=\u00bboff\u00bb url_new_window=\u00bbon\u00bb]instagram[\/et_pb_social_media_follow_network][et_pb_social_media_follow_network social_network=\u00bbtwitter\u00bb url=\u00bbhttps:\/\/twitter.com\/?lang=es\u00bb _builder_version=\u00bb4.16&#8243; _module_preset=\u00bbdefault\u00bb background_enable_color=\u00bboff\u00bb global_colors_info=\u00bb{}\u00bb follow_button=\u00bboff\u00bb url_new_window=\u00bbon\u00bb]twitter[\/et_pb_social_media_follow_network][et_pb_social_media_follow_network social_network=\u00bbyoutube\u00bb _builder_version=\u00bb4.16&#8243; _module_preset=\u00bbdefault\u00bb background_color=\u00bb#a82400&#8243; background_enable_color=\u00bboff\u00bb global_colors_info=\u00bb{}\u00bb follow_button=\u00bboff\u00bb url_new_window=\u00bbon\u00bb]youtube[\/et_pb_social_media_follow_network][\/et_pb_social_media_follow][\/et_pb_column][et_pb_column type=\u00bb1_4&#8243; _builder_version=\u00bb4.16&#8243; _module_preset=\u00bbdefault\u00bb global_colors_info=\u00bb{}\u00bb][et_pb_text _builder_version=\u00bb4.16&#8243; _module_preset=\u00bbdefault\u00bb header_4_font=\u00bbBebas Neue||||||||\u00bb header_4_font_size=\u00bb22px\u00bb header_4_letter_spacing=\u00bb4px\u00bb header_4_line_height=\u00bb1.6em\u00bb background_layout=\u00bbdark\u00bb custom_margin=\u00bb||||false|false\u00bb header_4_font_size_tablet=\u00bb20px\u00bb header_4_font_size_phone=\u00bb16px\u00bb header_4_font_size_last_edited=\u00bbon|phone\u00bb border_color_all=\u00bb#2ea3f2&#8243; border_width_bottom=\u00bb5px\u00bb locked=\u00bboff\u00bb global_colors_info=\u00bb{}\u00bb custom_margin__hover_enabled=\u00bboff|desktop\u00bb]<\/p>\n<h4>Direcci\u00f3n<\/h4>\n<p>[\/et_pb_text][et_pb_text _builder_version=\u00bb4.16&#8243; _module_preset=\u00bbdefault\u00bb text_font=\u00bb|600|||||||\u00bb text_font_size=\u00bb16px\u00bb text_line_height=\u00bb2em\u00bb link_text_color=\u00bb#ffffff\u00bb background_layout=\u00bbdark\u00bb text_font_size_tablet=\u00bb\u00bb text_font_size_phone=\u00bb14px\u00bb text_font_size_last_edited=\u00bbon|phone\u00bb global_colors_info=\u00bb{}\u00bb link_text_color__hover_enabled=\u00bbon|desktop\u00bb link_text_color__hover=\u00bb#ea3900&#8243;]<a href=\"#\"><\/a>Clemente Hidalgo<br \/>\nJefatura de Polic\u00eda Local<br \/>\nEdificio Ranilla<br \/>\n41001 Sevilla[\/et_pb_text][\/et_pb_column][et_pb_column type=\u00bb1_4&#8243; _builder_version=\u00bb4.16&#8243; _module_preset=\u00bbdefault\u00bb global_colors_info=\u00bb{}\u00bb][et_pb_text disabled_on=\u00bboff|off|off\u00bb _builder_version=\u00bb4.16&#8243; _module_preset=\u00bbdefault\u00bb header_4_font=\u00bbBebas Neue||||||||\u00bb header_4_font_size=\u00bb22px\u00bb header_4_letter_spacing=\u00bb4px\u00bb header_4_line_height=\u00bb1.6em\u00bb background_layout=\u00bbdark\u00bb custom_margin=\u00bb||||false|false\u00bb header_4_font_size_tablet=\u00bb20px\u00bb header_4_font_size_phone=\u00bb16px\u00bb header_4_font_size_last_edited=\u00bbon|phone\u00bb border_color_all=\u00bb#2ea3f2&#8243; border_width_bottom=\u00bb5px\u00bb locked=\u00bboff\u00bb global_colors_info=\u00bb{}\u00bb custom_margin__hover_enabled=\u00bboff|desktop\u00bb]<\/p>\n<h4>Enlaces<\/h4>\n<p>[\/et_pb_text][et_pb_text disabled_on=\u00bboff|off|off\u00bb _builder_version=\u00bb4.16&#8243; _module_preset=\u00bbdefault\u00bb text_font=\u00bb|600|||||||\u00bb text_font_size=\u00bb16px\u00bb text_line_height=\u00bb2em\u00bb link_text_color=\u00bb#ffffff\u00bb background_layout=\u00bbdark\u00bb text_font_size_tablet=\u00bb\u00bb text_font_size_phone=\u00bb14px\u00bb text_font_size_last_edited=\u00bbon|phone\u00bb locked=\u00bboff\u00bb global_colors_info=\u00bb{}\u00bb link_text_color__hover=\u00bb#ea3900&#8243; link_text_color__hover_enabled=\u00bbon|desktop\u00bb]<\/p>\n<p><a href=\"https:\/\/accpl.es\">accpl.es<\/a><br \/><a href=\"https:\/\/accpl.es\/socios\">accpl.es\/socios<\/a><\/p>\n<p>[\/et_pb_text][\/et_pb_column][\/et_pb_row][et_pb_row _builder_version=\u00bb4.16&#8243; _module_preset=\u00bbdefault\u00bb global_colors_info=\u00bb{}\u00bb][et_pb_column type=\u00bb4_4&#8243; _builder_version=\u00bb4.16&#8243; _module_preset=\u00bbdefault\u00bb global_colors_info=\u00bb{}\u00bb][et_pb_text _builder_version=\u00bb4.27.0&#8243; _module_preset=\u00bbdefault\u00bb text_font=\u00bb|600|||||||\u00bb text_font_size=\u00bb16px\u00bb text_line_height=\u00bb2em\u00bb link_text_color=\u00bb#ffffff\u00bb background_layout=\u00bbdark\u00bb text_font_size_tablet=\u00bb\u00bb text_font_size_phone=\u00bb14px\u00bb text_font_size_last_edited=\u00bbon|phone\u00bb global_colors_info=\u00bb{}\u00bb link_text_color__hover_enabled=\u00bbon|desktop\u00bb link_text_color__hover=\u00bb#ea3900&#8243;]<\/p>\n<p>ACCPL \u00a9 2024\u00a0 |\u00a0 Dise\u00f1ado por <a href=\"https:\/\/nawebgando.com\/\">NAWEBGANDO<\/a><\/p>\n<p>[\/et_pb_text][\/et_pb_column][\/et_pb_row][\/et_pb_section]<\/p>\n","protected":false},"excerpt":{"rendered":"<h2><span style=\"color: #3366ff;\"><strong>84\u20ac por persona es el coste que tiene el evento para la ACCPL<\/strong><\/span><\/h2>\n<h2><span style=\"color: #3366ff;\"><strong>Precio:<\/strong><\/span><\/h2>\n<h2><span style=\"color: #3366ff;\"><strong>Subvencionado para el socio y un acompa\u00f1ante = <span style=\"color: #ff0000;\">40 euros por persona<\/span>\u00a0<\/strong><\/span><\/h2>\n<h4><span style=\"color: #3366ff;\">Otros acompa\u00f1antes si existieran plazas vacantes, el precio es de 84 euros por persona<\/span><\/h4>\n<h4><span style=\"color: #3366ff;\">N\u00ba de Plazas: 55, por riguroso orden de reserva y pago<\/span><\/h4>\n","protected":false},"featured_media":4470,"template":"","meta":{"_et_pb_use_builder":"on","_et_pb_old_content":"<strong>UN D\u00cdA DE CAMINO EN EL ROC\u00cdO<\/strong>\r\n<p style=\"font-weight: 400;text-align: justify\">D\u00cdA: <strong>19 de marzo de 2026<\/strong>\r\nSALIDA:\u00a0<strong>09.30 am<\/strong>\r\nLUGAR:\u00a0<strong>Jefatura de Polic\u00eda Local<\/strong> (\u201cRanilla\u201d).\r\nRUTA:<\/p>\r\nEste evento consiste en un d\u00eda de camino en jardineras desde el Pino de los Mil Duros hasta la Aldea del Roc\u00edo, siendo trasladados en autob\u00fas desde la Jefatura de Ranilla hasta el inicio del camino (Hinojos).\r\n\r\nDetalle:\r\n\r\n-Salida desde Sevilla en autob\u00fas al Pino de los Mil Duros en el t\u00e9rmino municipal de Hinojos donde se encuentra la talla de madera de la Virgen que se realiz\u00f3 en el tronco del \u00e1rbol donde tomaremos una copa de bienvenida, a continuaci\u00f3n nos montaremos en los remolques t\u00edpicos del camino del Roc\u00edo para echar un d\u00eda donde iremos disfrutando de las vistas del Parque pudiendo comer y beber durante el recorrido, haremos una parada para comer en el eucaliptal donde paran las Hermandades cuando van de Peregrinaci\u00f3n, llegaremos al famoso Puente del Ajol\u00ed por la tarde donde podremos parar un poco, seguiremos direcci\u00f3n al Santuario donde aparcaremos cerca para que puedan ver a la Se\u00f1ora y donde le esperar\u00e1 el autob\u00fas para realizar la vuelta.\r\n\r\n-Veh\u00edculos con remolques para transporte de personas para el camino equipados con mesa central, asientos laterales, cortinas, toldos para el agua o el fr\u00edo, 2 neveras de corcho de 140 litros.\r\n\r\n-En cada remolque llevar\u00e1 bebidas y aperitivos para el camino, y almuerzo en un eucaliptal.\r\n\r\n<strong>PRECIO:<\/strong>\r\n<ul>\r\n \t<li>Coste del evento a la asociaci\u00f3n: 84 euros por persona<\/li>\r\n \t<li><strong>Socio y\u00a0<u>un<\/u>\u00a0beneficiario: 40 euros por persona.<\/strong><\/li>\r\n \t<li><strong>Para el supuesto en el que el socio\/a no tenga beneficiario a su cargo, podr\u00e1 llevar a un acompa\u00f1ante que no pueda hacerse socio.<\/strong>\u00a0Si quedaran plazas libres no utilizadas por los socios, podr\u00e1n ser ocupadas al precio de\u00a0<strong>84 euros<\/strong>\u00a0por persona.<\/li>\r\n<\/ul>\r\n<strong>PLAZAS LIMITADAS:\u00a0<\/strong>55 personas, por riguroso orden de reserva.\r\n\r\n<strong>INSCRIPCION:<\/strong>\r\n\r\nPlazo m\u00e1ximo hasta el d\u00eda\u00a0<strong>16 de marzo de 2026 a las 12\u201900 horas<\/strong>. La inscripci\u00f3n se realizar\u00e1 a trav\u00e9s de esta\u00a0<strong>p\u00e1gina web\u00a0<\/strong>(<a href=\"http:\/\/www.accpl.es\/\">www.accpl.es<\/a>) hasta agotar las plazas.\r\n\r\nNOTA: Una vez finalizado el plazo de inscripci\u00f3n y reserva del evento, no se devolver\u00e1 el importe abonado\u00a0<strong><u>bajo ning\u00fan concepto<\/u><\/strong>\u00a0por motivo de organizaci\u00f3n.\r\n\r\nLA JUNTA DIRECTIVA","_et_gb_content_width":""},"product_brand":[],"product_cat":[20],"product_tag":[],"class_list":{"0":"post-5410","1":"product","2":"type-product","3":"status-publish","4":"has-post-thumbnail","6":"product_cat-visitas-culturales","8":"first","9":"instock","10":"virtual","11":"sold-individually","12":"purchasable","13":"product-type-booking"},"_links":{"self":[{"href":"https:\/\/accpl.es\/entradas\/wp-json\/wp\/v2\/product\/5410","targetHints":{"allow":["GET"]}}],"collection":[{"href":"https:\/\/accpl.es\/entradas\/wp-json\/wp\/v2\/product"}],"about":[{"href":"https:\/\/accpl.es\/entradas\/wp-json\/wp\/v2\/types\/product"}],"wp:featuredmedia":[{"embeddable":true,"href":"https:\/\/accpl.es\/entradas\/wp-json\/wp\/v2\/media\/4470"}],"wp:attachment":[{"href":"https:\/\/accpl.es\/entradas\/wp-json\/wp\/v2\/media?parent=5410"}],"wp:term":[{"taxonomy":"product_brand","embeddable":true,"href":"https:\/\/accpl.es\/entradas\/wp-json\/wp\/v2\/product_brand?post=5410"},{"taxonomy":"product_cat","embeddable":true,"href":"https:\/\/accpl.es\/entradas\/wp-json\/wp\/v2\/product_cat?post=5410"},{"taxonomy":"product_tag","embeddable":true,"href":"https:\/\/accpl.es\/entradas\/wp-json\/wp\/v2\/product_tag?post=5410"}],"curies":[{"name":"wp","href":"https:\/\/api.w.org\/{rel}","templated":true}]}}