{"id":5546,"date":"2026-03-04T08:24:45","date_gmt":"2026-03-04T07:24:45","guid":{"rendered":"https:\/\/accpl.es\/entradas\/?post_type=product&#038;p=5546"},"modified":"2026-03-04T08:31:49","modified_gmt":"2026-03-04T07:31:49","slug":"teatro-infantil-lista-de-espera","status":"publish","type":"product","link":"https:\/\/accpl.es\/entradas\/producto\/teatro-infantil-lista-de-espera\/","title":{"rendered":"Teatro Infantil (lista de espera)"},"content":{"rendered":"<p>[et_pb_section fb_built=\u00bb1&#8243; _builder_version=\u00bb4.16&#8243; custom_padding=\u00bb0px||||false|false\u00bb global_colors_info=\u00bb{}\u00bb][et_pb_row _builder_version=\u00bb4.16&#8243; background_size=\u00bbinitial\u00bb background_position=\u00bbtop_left\u00bb background_repeat=\u00bbrepeat\u00bb width=\u00bb100%\u00bb custom_padding=\u00bb0px||0px||false|false\u00bb global_colors_info=\u00bb{}\u00bb][et_pb_column type=\u00bb4_4&#8243; _builder_version=\u00bb4.16&#8243; custom_padding=\u00bb|||\u00bb global_colors_info=\u00bb{}\u00bb custom_padding__hover=\u00bb|||\u00bb][et_pb_wc_breadcrumb _builder_version=\u00bb4.16&#8243; global_colors_info=\u00bb{}\u00bb][\/et_pb_wc_breadcrumb][et_pb_wc_cart_notice _builder_version=\u00bb4.16&#8243; global_colors_info=\u00bb{}\u00bb][\/et_pb_wc_cart_notice][\/et_pb_column][\/et_pb_row][et_pb_row column_structure=\u00bb1_2,1_2&#8243; _builder_version=\u00bb4.16&#8243; background_size=\u00bbinitial\u00bb background_position=\u00bbtop_left\u00bb background_repeat=\u00bbrepeat\u00bb width=\u00bb100%\u00bb custom_padding=\u00bb0px||||false|false\u00bb global_colors_info=\u00bb{}\u00bb][et_pb_column type=\u00bb1_2&#8243; _builder_version=\u00bb4.16&#8243; custom_padding=\u00bb|||\u00bb global_colors_info=\u00bb{}\u00bb custom_padding__hover=\u00bb|||\u00bb][et_pb_wc_images _builder_version=\u00bb4.16&#8243; global_colors_info=\u00bb{}\u00bb][\/et_pb_wc_images][et_pb_wc_description _builder_version=\u00bb4.16&#8243; global_colors_info=\u00bb{}\u00bb][\/et_pb_wc_description][et_pb_text _builder_version=\u00bb4.27.6&#8243; _module_preset=\u00bbdefault\u00bb text_font_size=\u00bb16px\u00bb global_colors_info=\u00bb{}\u00bb]<\/p>\n<p>Podr\u00e1 acudir el socio y su beneficiario acompa\u00f1ados de los menores que tengan en su unidad familiar, no se limita la cantidad por socio, pues es una obra dedicada especialmente para los ni\u00f1os, el \u00fanico l\u00edmite ser\u00e1 las plazas existentes.<\/p>\n<p>Se activar\u00e1 un enlace para que se anoten a la lista de espera para el caso de que existan plazas libres.<\/p>\n<p>&nbsp;<\/p>\n<p>[\/et_pb_text][\/et_pb_column][et_pb_column type=\u00bb1_2&#8243; _builder_version=\u00bb4.16&#8243; custom_padding=\u00bb|||\u00bb global_colors_info=\u00bb{}\u00bb custom_padding__hover=\u00bb|||\u00bb][et_pb_wc_title _builder_version=\u00bb4.16&#8243; global_colors_info=\u00bb{}\u00bb][\/et_pb_wc_title][et_pb_text _builder_version=\u00bb4.27.6&#8243; _module_preset=\u00bbdefault\u00bb text_font_size=\u00bb16px\u00bb global_colors_info=\u00bb{}\u00bb]<\/p>\n<p>D\u00eda: <strong>DOMINGO 15 de marzo<\/strong><\/p>\n<p>Hora: <strong>12:00 AM<\/strong><\/p>\n<p><strong><span style=\"color: #ff0000;\">ATENCI\u00d3N<\/span>: <\/strong>Cada socio debe de realizar su reserva<\/p>\n<p>&nbsp;<\/p>\n<p>[\/et_pb_text][et_pb_wc_rating disabled_on=\u00bbon|on|on\u00bb _builder_version=\u00bb4.16&#8243; disabled=\u00bbon\u00bb global_colors_info=\u00bb{}\u00bb][\/et_pb_wc_rating][et_pb_wc_price disabled_on=\u00bbon|on|on\u00bb _builder_version=\u00bb4.16&#8243; disabled=\u00bbon\u00bb global_colors_info=\u00bb{}\u00bb][\/et_pb_wc_price][et_pb_wc_add_to_cart _builder_version=\u00bb4.16&#8243; global_colors_info=\u00bb{}\u00bb][\/et_pb_wc_add_to_cart][et_pb_wc_meta _builder_version=\u00bb4.16&#8243; global_colors_info=\u00bb{}\u00bb][\/et_pb_wc_meta][\/et_pb_column][\/et_pb_row][et_pb_row _builder_version=\u00bb4.16&#8243; background_size=\u00bbinitial\u00bb background_position=\u00bbtop_left\u00bb background_repeat=\u00bbrepeat\u00bb width=\u00bb100%\u00bb global_colors_info=\u00bb{}\u00bb][et_pb_column type=\u00bb4_4&#8243; _builder_version=\u00bb4.16&#8243; custom_padding=\u00bb|||\u00bb global_colors_info=\u00bb{}\u00bb custom_padding__hover=\u00bb|||\u00bb][et_pb_wc_tabs _builder_version=\u00bb4.16&#8243; global_colors_info=\u00bb{}\u00bb] [\/et_pb_wc_tabs][et_pb_wc_upsells _builder_version=\u00bb4.16&#8243; global_colors_info=\u00bb{}\u00bb][\/et_pb_wc_upsells][et_pb_wc_related_products disabled_on=\u00bbon|on|on\u00bb _builder_version=\u00bb4.16&#8243; disabled=\u00bbon\u00bb global_colors_info=\u00bb{}\u00bb][\/et_pb_wc_related_products][\/et_pb_column][\/et_pb_row][\/et_pb_section][et_pb_section fb_built=\u00bb1&#8243; admin_label=\u00bbFooter\u00bb module_id=\u00bbcontacto\u00bb _builder_version=\u00bb4.10.6&#8243; _module_preset=\u00bbdefault\u00bb background_color=\u00bb#000000&#8243; global_module=\u00bb647&#8243; saved_tabs=\u00bball\u00bb locked=\u00bboff\u00bb global_colors_info=\u00bb{}\u00bb][et_pb_row column_structure=\u00bb1_2,1_4,1_4&#8243; _builder_version=\u00bb4.16&#8243; _module_preset=\u00bbdefault\u00bb global_colors_info=\u00bb{}\u00bb][et_pb_column type=\u00bb1_2&#8243; _builder_version=\u00bb4.16&#8243; _module_preset=\u00bbdefault\u00bb global_colors_info=\u00bb{}\u00bb][et_pb_text _builder_version=\u00bb4.16&#8243; _module_preset=\u00bbdefault\u00bb text_font=\u00bbBebas Neue||||||||\u00bb text_text_color=\u00bb#ffffff\u00bb text_font_size=\u00bb40px\u00bb text_letter_spacing=\u00bb0.05em\u00bb text_line_height=\u00bb1.2em\u00bb link_text_color=\u00bb#ffffff\u00bb header_3_font=\u00bbBebas Neue||||||||\u00bb header_3_text_color=\u00bbrgba(255,255,255,0.48)\u00bb text_font_size_tablet=\u00bb30px\u00bb text_font_size_phone=\u00bb22px\u00bb text_font_size_last_edited=\u00bbon|tablet\u00bb global_colors_info=\u00bb{}\u00bb]<\/p>\n<h3>Tel\u00e9fono<\/h3>\n<p>955 47 38 04<\/p>\n<p>[\/et_pb_text][et_pb_text _builder_version=\u00bb4.16&#8243; _module_preset=\u00bbdefault\u00bb text_font=\u00bb||||||||\u00bb text_font_size=\u00bb40px\u00bb text_letter_spacing=\u00bb0.05px\u00bb header_3_font=\u00bbBebas Neue||||||||\u00bb header_3_text_color=\u00bbrgba(255,255,255,0.48)\u00bb global_colors_info=\u00bb{}\u00bb]<\/p>\n<h3>Email<\/h3>\n<p><a href=\"mailto:accpl@accpl.es\">accpl@accpl.es<\/a><\/p>\n<p>[\/et_pb_text][et_pb_social_media_follow disabled_on=\u00bbon|on|on\u00bb _builder_version=\u00bb4.16&#8243; _module_preset=\u00bbdefault\u00bb disabled=\u00bbon\u00bb global_colors_info=\u00bb{}\u00bb body_font_size_tablet=\u00bb20px\u00bb body_font_size_phone=\u00bb16px\u00bb body_font_size_last_edited=\u00bbon|phone\u00bb icon_color__hover_enabled=\u00bbon|hover\u00bb icon_color__hover=\u00bb#ea3900&#8243;][et_pb_social_media_follow_network social_network=\u00bbfacebook\u00bb url=\u00bbhttps:\/\/www.facebook.com\/Info-Paraiso-197082217383203&#8243; _builder_version=\u00bb4.16&#8243; _module_preset=\u00bbdefault\u00bb background_enable_color=\u00bboff\u00bb global_colors_info=\u00bb{}\u00bb follow_button=\u00bboff\u00bb url_new_window=\u00bbon\u00bb]facebook[\/et_pb_social_media_follow_network][et_pb_social_media_follow_network social_network=\u00bbinstagram\u00bb url=\u00bbhttps:\/\/www.instagram.com\/infoparaiso\/\u00bb _builder_version=\u00bb4.16&#8243; _module_preset=\u00bbdefault\u00bb background_color=\u00bb#ea2c59&#8243; background_enable_color=\u00bboff\u00bb global_colors_info=\u00bb{}\u00bb follow_button=\u00bboff\u00bb url_new_window=\u00bbon\u00bb]instagram[\/et_pb_social_media_follow_network][et_pb_social_media_follow_network social_network=\u00bbtwitter\u00bb url=\u00bbhttps:\/\/twitter.com\/?lang=es\u00bb _builder_version=\u00bb4.16&#8243; _module_preset=\u00bbdefault\u00bb background_enable_color=\u00bboff\u00bb global_colors_info=\u00bb{}\u00bb follow_button=\u00bboff\u00bb url_new_window=\u00bbon\u00bb]twitter[\/et_pb_social_media_follow_network][et_pb_social_media_follow_network social_network=\u00bbyoutube\u00bb _builder_version=\u00bb4.16&#8243; _module_preset=\u00bbdefault\u00bb background_color=\u00bb#a82400&#8243; background_enable_color=\u00bboff\u00bb global_colors_info=\u00bb{}\u00bb follow_button=\u00bboff\u00bb url_new_window=\u00bbon\u00bb]youtube[\/et_pb_social_media_follow_network][\/et_pb_social_media_follow][\/et_pb_column][et_pb_column type=\u00bb1_4&#8243; _builder_version=\u00bb4.16&#8243; _module_preset=\u00bbdefault\u00bb global_colors_info=\u00bb{}\u00bb][et_pb_text _builder_version=\u00bb4.16&#8243; _module_preset=\u00bbdefault\u00bb header_4_font=\u00bbBebas Neue||||||||\u00bb header_4_font_size=\u00bb22px\u00bb header_4_letter_spacing=\u00bb4px\u00bb header_4_line_height=\u00bb1.6em\u00bb background_layout=\u00bbdark\u00bb custom_margin=\u00bb||||false|false\u00bb header_4_font_size_tablet=\u00bb20px\u00bb header_4_font_size_phone=\u00bb16px\u00bb header_4_font_size_last_edited=\u00bbon|phone\u00bb border_color_all=\u00bb#2ea3f2&#8243; border_width_bottom=\u00bb5px\u00bb locked=\u00bboff\u00bb global_colors_info=\u00bb{}\u00bb custom_margin__hover_enabled=\u00bboff|desktop\u00bb]<\/p>\n<h4>Direcci\u00f3n<\/h4>\n<p>[\/et_pb_text][et_pb_text _builder_version=\u00bb4.16&#8243; _module_preset=\u00bbdefault\u00bb text_font=\u00bb|600|||||||\u00bb text_font_size=\u00bb16px\u00bb text_line_height=\u00bb2em\u00bb link_text_color=\u00bb#ffffff\u00bb background_layout=\u00bbdark\u00bb text_font_size_tablet=\u00bb\u00bb text_font_size_phone=\u00bb14px\u00bb text_font_size_last_edited=\u00bbon|phone\u00bb global_colors_info=\u00bb{}\u00bb link_text_color__hover_enabled=\u00bbon|desktop\u00bb link_text_color__hover=\u00bb#ea3900&#8243;]<a href=\"#\"><\/a>Clemente Hidalgo<br \/>\nJefatura de Polic\u00eda Local<br \/>\nEdificio Ranilla<br \/>\n41001 Sevilla[\/et_pb_text][\/et_pb_column][et_pb_column type=\u00bb1_4&#8243; _builder_version=\u00bb4.16&#8243; _module_preset=\u00bbdefault\u00bb global_colors_info=\u00bb{}\u00bb][et_pb_text disabled_on=\u00bboff|off|off\u00bb _builder_version=\u00bb4.16&#8243; _module_preset=\u00bbdefault\u00bb header_4_font=\u00bbBebas Neue||||||||\u00bb header_4_font_size=\u00bb22px\u00bb header_4_letter_spacing=\u00bb4px\u00bb header_4_line_height=\u00bb1.6em\u00bb background_layout=\u00bbdark\u00bb custom_margin=\u00bb||||false|false\u00bb header_4_font_size_tablet=\u00bb20px\u00bb header_4_font_size_phone=\u00bb16px\u00bb header_4_font_size_last_edited=\u00bbon|phone\u00bb border_color_all=\u00bb#2ea3f2&#8243; border_width_bottom=\u00bb5px\u00bb locked=\u00bboff\u00bb global_colors_info=\u00bb{}\u00bb custom_margin__hover_enabled=\u00bboff|desktop\u00bb]<\/p>\n<h4>Enlaces<\/h4>\n<p>[\/et_pb_text][et_pb_text disabled_on=\u00bboff|off|off\u00bb _builder_version=\u00bb4.16&#8243; _module_preset=\u00bbdefault\u00bb text_font=\u00bb|600|||||||\u00bb text_font_size=\u00bb16px\u00bb text_line_height=\u00bb2em\u00bb link_text_color=\u00bb#ffffff\u00bb background_layout=\u00bbdark\u00bb text_font_size_tablet=\u00bb\u00bb text_font_size_phone=\u00bb14px\u00bb text_font_size_last_edited=\u00bbon|phone\u00bb locked=\u00bboff\u00bb global_colors_info=\u00bb{}\u00bb link_text_color__hover=\u00bb#ea3900&#8243; link_text_color__hover_enabled=\u00bbon|desktop\u00bb]<\/p>\n<p><a href=\"https:\/\/accpl.es\">accpl.es<\/a><br \/><a href=\"https:\/\/accpl.es\/socios\">accpl.es\/socios<\/a><\/p>\n<p>[\/et_pb_text][\/et_pb_column][\/et_pb_row][et_pb_row _builder_version=\u00bb4.16&#8243; _module_preset=\u00bbdefault\u00bb global_colors_info=\u00bb{}\u00bb][et_pb_column type=\u00bb4_4&#8243; _builder_version=\u00bb4.16&#8243; _module_preset=\u00bbdefault\u00bb global_colors_info=\u00bb{}\u00bb][et_pb_text _builder_version=\u00bb4.27.0&#8243; _module_preset=\u00bbdefault\u00bb text_font=\u00bb|600|||||||\u00bb text_font_size=\u00bb16px\u00bb text_line_height=\u00bb2em\u00bb link_text_color=\u00bb#ffffff\u00bb background_layout=\u00bbdark\u00bb text_font_size_tablet=\u00bb\u00bb text_font_size_phone=\u00bb14px\u00bb text_font_size_last_edited=\u00bbon|phone\u00bb global_colors_info=\u00bb{}\u00bb link_text_color__hover_enabled=\u00bbon|desktop\u00bb link_text_color__hover=\u00bb#ea3900&#8243;]<\/p>\n<p>ACCPL \u00a9 2024\u00a0 |\u00a0 Dise\u00f1ado por <a href=\"https:\/\/nawebgando.com\/\">NAWEBGANDO<\/a><\/p>\n<p>[\/et_pb_text][\/et_pb_column][\/et_pb_row][\/et_pb_section]<\/p>\n","protected":false},"excerpt":{"rendered":"<h3><strong>PRECIO:<\/strong><br \/>\n<em>SOCIOS\/AS:<\/em> <span style=\"color: #ff0000;\">0 \u20ac<\/span>, (el coste del socio\/a est\u00e1 subvencionado por la ACCPL).<br \/>\n<em>BENEFICIARIOS:<\/em> Tendr\u00e1 un coste de <span style=\"color: #ff0000;\">5\u20ac<\/span> por persona.<\/h3>\n<h4><span style=\"color: #3366ff;\">N\u00ba de Plazas: 30, por riguroso orden de reserva y pago<\/span><\/h4>\n","protected":false},"featured_media":5544,"template":"","meta":{"_et_pb_use_builder":"on","_et_pb_old_content":"<strong>TEATRO INFANTIL<\/strong>\r\n\r\nSALA CERO, Calle Sol n\u00fam. 5\r\nCOMPA\u00d1\u00cdA: T\u00edteres Cara Cart\u00f3n\r\nOBRA:\u00a0<strong>CALLE DEL REBA\u00d1O 14<\/strong>\u00a0(Teatro familiar) Edad recomendada: +4 a\u00f1os\r\nD\u00cdA: domingo 15 de marzo.\r\n12:00 HORAS\r\nTOTAL DE LOCALIDADES DISPONIBLES 30\r\nPRECIO:\r\nSOCIOS\/AS: 0 \u20ac, (el coste del socio\/a est\u00e1 subvencionado por la ACCPL).\r\nBENEFICIARIOS: Tendr\u00e1 un coste de 5\u20ac por persona.\r\n\r\nPodr\u00e1 acudir el socio y su beneficiario acompa\u00f1ados de los menores que tengan en su unidad familiar, no se limita la cantidad por socio, pues es una obra dedicada especialmente para los ni\u00f1os, el \u00fanico l\u00edmite ser\u00e1 las plazas existentes.\r\n\r\n<strong>Sinopsis<\/strong>\r\nEn la calle Reba\u00f1o 14, ha quedado libre un apartamento, todos los vecinos se preguntan qui\u00e9nes ser\u00e1n los nuevos inquilinos. \u00bfSe ajustar\u00e1n a sus normas? \u00bfSer\u00e1n de su agrado? \u00bfEstar\u00e1n a la altura de esta armoniosa comunidad?\r\nLa llegada de las \u201cRatas\u201d hace saltar las alarmas.\r\nLos prejuicios con los que nuestros protagonistas afrontan la llegada de los nuevos vecinos, nos hace pensar en la necesidad de comunicarnos y conocernos entre nosotros, antes de hacer juicios de valor sin ning\u00fan fundamento, dejando de imaginar como son los dem\u00e1s, por el mero hecho de ser diferentes o por como la sociedad los ha catalogado.\r\n\r\n<strong>INSCRIPCION:<\/strong>\r\n\r\nPlazo m\u00e1ximo hasta el d\u00eda\u00a0<strong>13 de marzo de 2026 a las 12\u201900 horas<\/strong>. La inscripci\u00f3n se realizar\u00e1 a trav\u00e9s de esta\u00a0<strong>p\u00e1gina web\u00a0<\/strong>(<a href=\"http:\/\/www.accpl.es\/\">www.accpl.es<\/a>) hasta agotar las plazas.\r\n\r\nNOTA: Una vez finalizado el plazo de inscripci\u00f3n y reserva del evento, no se devolver\u00e1 el importe abonado\u00a0<strong><u>bajo ning\u00fan concepto<\/u><\/strong>\u00a0por motivo de organizaci\u00f3n.\r\n\r\nLA JUNTA DIRECTIVA","_et_gb_content_width":""},"product_brand":[],"product_cat":[20],"product_tag":[],"class_list":{"0":"post-5546","1":"product","2":"type-product","3":"status-publish","4":"has-post-thumbnail","6":"product_cat-visitas-culturales","8":"first","9":"instock","10":"virtual","11":"sold-individually","12":"purchasable","13":"product-type-booking"},"_links":{"self":[{"href":"https:\/\/accpl.es\/entradas\/wp-json\/wp\/v2\/product\/5546","targetHints":{"allow":["GET"]}}],"collection":[{"href":"https:\/\/accpl.es\/entradas\/wp-json\/wp\/v2\/product"}],"about":[{"href":"https:\/\/accpl.es\/entradas\/wp-json\/wp\/v2\/types\/product"}],"wp:featuredmedia":[{"embeddable":true,"href":"https:\/\/accpl.es\/entradas\/wp-json\/wp\/v2\/media\/5544"}],"wp:attachment":[{"href":"https:\/\/accpl.es\/entradas\/wp-json\/wp\/v2\/media?parent=5546"}],"wp:term":[{"taxonomy":"product_brand","embeddable":true,"href":"https:\/\/accpl.es\/entradas\/wp-json\/wp\/v2\/product_brand?post=5546"},{"taxonomy":"product_cat","embeddable":true,"href":"https:\/\/accpl.es\/entradas\/wp-json\/wp\/v2\/product_cat?post=5546"},{"taxonomy":"product_tag","embeddable":true,"href":"https:\/\/accpl.es\/entradas\/wp-json\/wp\/v2\/product_tag?post=5546"}],"curies":[{"name":"wp","href":"https:\/\/api.w.org\/{rel}","templated":true}]}}