{"id":5563,"date":"2026-03-04T09:09:23","date_gmt":"2026-03-04T08:09:23","guid":{"rendered":"https:\/\/accpl.es\/entradas\/?post_type=product&#038;p=5563"},"modified":"2026-03-04T10:50:12","modified_gmt":"2026-03-04T09:50:12","slug":"palco-cofrade-lista-de-espera","status":"publish","type":"product","link":"https:\/\/accpl.es\/entradas\/producto\/palco-cofrade-lista-de-espera\/","title":{"rendered":"PALCO COFRADE (Lista de Espera)"},"content":{"rendered":"<p>[et_pb_section fb_built=\u00bb1&#8243; _builder_version=\u00bb4.16&#8243; custom_padding=\u00bb0px||||false|false\u00bb global_colors_info=\u00bb{}\u00bb][et_pb_row _builder_version=\u00bb4.16&#8243; background_size=\u00bbinitial\u00bb background_position=\u00bbtop_left\u00bb background_repeat=\u00bbrepeat\u00bb width=\u00bb100%\u00bb custom_padding=\u00bb0px||0px||false|false\u00bb global_colors_info=\u00bb{}\u00bb][et_pb_column type=\u00bb4_4&#8243; _builder_version=\u00bb4.16&#8243; custom_padding=\u00bb|||\u00bb global_colors_info=\u00bb{}\u00bb custom_padding__hover=\u00bb|||\u00bb][et_pb_wc_breadcrumb _builder_version=\u00bb4.16&#8243; global_colors_info=\u00bb{}\u00bb][\/et_pb_wc_breadcrumb][et_pb_wc_cart_notice _builder_version=\u00bb4.16&#8243; global_colors_info=\u00bb{}\u00bb][\/et_pb_wc_cart_notice][\/et_pb_column][\/et_pb_row][et_pb_row column_structure=\u00bb1_2,1_2&#8243; _builder_version=\u00bb4.16&#8243; background_size=\u00bbinitial\u00bb background_position=\u00bbtop_left\u00bb background_repeat=\u00bbrepeat\u00bb width=\u00bb100%\u00bb custom_padding=\u00bb0px||||false|false\u00bb global_colors_info=\u00bb{}\u00bb][et_pb_column type=\u00bb1_2&#8243; _builder_version=\u00bb4.16&#8243; custom_padding=\u00bb|||\u00bb global_colors_info=\u00bb{}\u00bb custom_padding__hover=\u00bb|||\u00bb][et_pb_wc_images _builder_version=\u00bb4.16&#8243; global_colors_info=\u00bb{}\u00bb][\/et_pb_wc_images][et_pb_wc_description disabled_on=\u00bbon|off|off\u00bb _builder_version=\u00bb4.16&#8243; global_colors_info=\u00bb{}\u00bb][\/et_pb_wc_description][\/et_pb_column][et_pb_column type=\u00bb1_2&#8243; _builder_version=\u00bb4.16&#8243; custom_padding=\u00bb|||\u00bb global_colors_info=\u00bb{}\u00bb custom_padding__hover=\u00bb|||\u00bb][et_pb_wc_title _builder_version=\u00bb4.16&#8243; global_colors_info=\u00bb{}\u00bb][\/et_pb_wc_title][et_pb_text _builder_version=\u00bb4.27.6&#8243; _module_preset=\u00bbdefault\u00bb text_font_size=\u00bb16px\u00bb global_colors_info=\u00bb{}\u00bb]<\/p>\n<p>D\u00eda: <strong>S\u00c1BADO 21 de marzo<\/strong><\/p>\n<p>Hora: <strong>21:30 horas<\/strong><\/p>\n<h2><span style=\"color: #ff0000;\"><strong>SI LAS PLAZAS EST\u00c1N AGOTADAS&#8230;<\/strong><\/span><\/h2>\n<h2><strong>Ap\u00fantate a la lista de espera, y en caso de que se te incluya en el listado, se te avisar\u00e1 telef\u00f3nicamente y se te informar\u00eda c\u00f3mo realizar el pago de las entradas.<\/strong><\/h2>\n<p>[\/et_pb_text][et_pb_wc_rating disabled_on=\u00bbon|on|on\u00bb _builder_version=\u00bb4.16&#8243; disabled=\u00bbon\u00bb global_colors_info=\u00bb{}\u00bb][\/et_pb_wc_rating][et_pb_wc_price disabled_on=\u00bbon|on|on\u00bb _builder_version=\u00bb4.16&#8243; disabled=\u00bbon\u00bb global_colors_info=\u00bb{}\u00bb][\/et_pb_wc_price][et_pb_wc_description disabled_on=\u00bboff|on|on\u00bb _builder_version=\u00bb4.16&#8243; global_colors_info=\u00bb{}\u00bb][\/et_pb_wc_description][et_pb_wc_add_to_cart _builder_version=\u00bb4.16&#8243; global_colors_info=\u00bb{}\u00bb][\/et_pb_wc_add_to_cart][et_pb_wc_meta _builder_version=\u00bb4.16&#8243; global_colors_info=\u00bb{}\u00bb][\/et_pb_wc_meta][\/et_pb_column][\/et_pb_row][et_pb_row _builder_version=\u00bb4.16&#8243; background_size=\u00bbinitial\u00bb background_position=\u00bbtop_left\u00bb background_repeat=\u00bbrepeat\u00bb width=\u00bb100%\u00bb global_colors_info=\u00bb{}\u00bb][et_pb_column type=\u00bb4_4&#8243; _builder_version=\u00bb4.16&#8243; custom_padding=\u00bb|||\u00bb global_colors_info=\u00bb{}\u00bb custom_padding__hover=\u00bb|||\u00bb][et_pb_wc_tabs _builder_version=\u00bb4.16&#8243; global_colors_info=\u00bb{}\u00bb] [\/et_pb_wc_tabs][et_pb_wc_upsells _builder_version=\u00bb4.16&#8243; global_colors_info=\u00bb{}\u00bb][\/et_pb_wc_upsells][et_pb_wc_related_products disabled_on=\u00bbon|on|on\u00bb _builder_version=\u00bb4.16&#8243; disabled=\u00bbon\u00bb global_colors_info=\u00bb{}\u00bb][\/et_pb_wc_related_products][\/et_pb_column][\/et_pb_row][\/et_pb_section][et_pb_section fb_built=\u00bb1&#8243; admin_label=\u00bbFooter\u00bb module_id=\u00bbcontacto\u00bb _builder_version=\u00bb4.10.6&#8243; _module_preset=\u00bbdefault\u00bb background_color=\u00bb#000000&#8243; global_module=\u00bb647&#8243; saved_tabs=\u00bball\u00bb locked=\u00bboff\u00bb global_colors_info=\u00bb{}\u00bb][et_pb_row column_structure=\u00bb1_2,1_4,1_4&#8243; _builder_version=\u00bb4.16&#8243; _module_preset=\u00bbdefault\u00bb global_colors_info=\u00bb{}\u00bb][et_pb_column type=\u00bb1_2&#8243; _builder_version=\u00bb4.16&#8243; _module_preset=\u00bbdefault\u00bb global_colors_info=\u00bb{}\u00bb][et_pb_text _builder_version=\u00bb4.16&#8243; _module_preset=\u00bbdefault\u00bb text_font=\u00bbBebas Neue||||||||\u00bb text_text_color=\u00bb#ffffff\u00bb text_font_size=\u00bb40px\u00bb text_letter_spacing=\u00bb0.05em\u00bb text_line_height=\u00bb1.2em\u00bb link_text_color=\u00bb#ffffff\u00bb header_3_font=\u00bbBebas Neue||||||||\u00bb header_3_text_color=\u00bbrgba(255,255,255,0.48)\u00bb text_font_size_tablet=\u00bb30px\u00bb text_font_size_phone=\u00bb22px\u00bb text_font_size_last_edited=\u00bbon|tablet\u00bb global_colors_info=\u00bb{}\u00bb]<\/p>\n<h3>Tel\u00e9fono<\/h3>\n<p>955 47 38 04<\/p>\n<p>[\/et_pb_text][et_pb_text _builder_version=\u00bb4.16&#8243; _module_preset=\u00bbdefault\u00bb text_font=\u00bb||||||||\u00bb text_font_size=\u00bb40px\u00bb text_letter_spacing=\u00bb0.05px\u00bb header_3_font=\u00bbBebas Neue||||||||\u00bb header_3_text_color=\u00bbrgba(255,255,255,0.48)\u00bb global_colors_info=\u00bb{}\u00bb]<\/p>\n<h3>Email<\/h3>\n<p><a href=\"mailto:accpl@accpl.es\">accpl@accpl.es<\/a><\/p>\n<p>[\/et_pb_text][et_pb_social_media_follow disabled_on=\u00bbon|on|on\u00bb _builder_version=\u00bb4.16&#8243; _module_preset=\u00bbdefault\u00bb disabled=\u00bbon\u00bb global_colors_info=\u00bb{}\u00bb body_font_size_tablet=\u00bb20px\u00bb body_font_size_phone=\u00bb16px\u00bb body_font_size_last_edited=\u00bbon|phone\u00bb icon_color__hover_enabled=\u00bbon|hover\u00bb icon_color__hover=\u00bb#ea3900&#8243;][et_pb_social_media_follow_network social_network=\u00bbfacebook\u00bb url=\u00bbhttps:\/\/www.facebook.com\/Info-Paraiso-197082217383203&#8243; _builder_version=\u00bb4.16&#8243; _module_preset=\u00bbdefault\u00bb background_enable_color=\u00bboff\u00bb global_colors_info=\u00bb{}\u00bb follow_button=\u00bboff\u00bb url_new_window=\u00bbon\u00bb]facebook[\/et_pb_social_media_follow_network][et_pb_social_media_follow_network social_network=\u00bbinstagram\u00bb url=\u00bbhttps:\/\/www.instagram.com\/infoparaiso\/\u00bb _builder_version=\u00bb4.16&#8243; _module_preset=\u00bbdefault\u00bb background_color=\u00bb#ea2c59&#8243; background_enable_color=\u00bboff\u00bb global_colors_info=\u00bb{}\u00bb follow_button=\u00bboff\u00bb url_new_window=\u00bbon\u00bb]instagram[\/et_pb_social_media_follow_network][et_pb_social_media_follow_network social_network=\u00bbtwitter\u00bb url=\u00bbhttps:\/\/twitter.com\/?lang=es\u00bb _builder_version=\u00bb4.16&#8243; _module_preset=\u00bbdefault\u00bb background_enable_color=\u00bboff\u00bb global_colors_info=\u00bb{}\u00bb follow_button=\u00bboff\u00bb url_new_window=\u00bbon\u00bb]twitter[\/et_pb_social_media_follow_network][et_pb_social_media_follow_network social_network=\u00bbyoutube\u00bb _builder_version=\u00bb4.16&#8243; _module_preset=\u00bbdefault\u00bb background_color=\u00bb#a82400&#8243; background_enable_color=\u00bboff\u00bb global_colors_info=\u00bb{}\u00bb follow_button=\u00bboff\u00bb url_new_window=\u00bbon\u00bb]youtube[\/et_pb_social_media_follow_network][\/et_pb_social_media_follow][\/et_pb_column][et_pb_column type=\u00bb1_4&#8243; _builder_version=\u00bb4.16&#8243; _module_preset=\u00bbdefault\u00bb global_colors_info=\u00bb{}\u00bb][et_pb_text _builder_version=\u00bb4.16&#8243; _module_preset=\u00bbdefault\u00bb header_4_font=\u00bbBebas Neue||||||||\u00bb header_4_font_size=\u00bb22px\u00bb header_4_letter_spacing=\u00bb4px\u00bb header_4_line_height=\u00bb1.6em\u00bb background_layout=\u00bbdark\u00bb custom_margin=\u00bb||||false|false\u00bb header_4_font_size_tablet=\u00bb20px\u00bb header_4_font_size_phone=\u00bb16px\u00bb header_4_font_size_last_edited=\u00bbon|phone\u00bb border_color_all=\u00bb#2ea3f2&#8243; border_width_bottom=\u00bb5px\u00bb locked=\u00bboff\u00bb global_colors_info=\u00bb{}\u00bb custom_margin__hover_enabled=\u00bboff|desktop\u00bb]<\/p>\n<h4>Direcci\u00f3n<\/h4>\n<p>[\/et_pb_text][et_pb_text _builder_version=\u00bb4.16&#8243; _module_preset=\u00bbdefault\u00bb text_font=\u00bb|600|||||||\u00bb text_font_size=\u00bb16px\u00bb text_line_height=\u00bb2em\u00bb link_text_color=\u00bb#ffffff\u00bb background_layout=\u00bbdark\u00bb text_font_size_tablet=\u00bb\u00bb text_font_size_phone=\u00bb14px\u00bb text_font_size_last_edited=\u00bbon|phone\u00bb global_colors_info=\u00bb{}\u00bb link_text_color__hover_enabled=\u00bbon|desktop\u00bb link_text_color__hover=\u00bb#ea3900&#8243;]<a href=\"#\"><\/a>Clemente Hidalgo<br \/>\nJefatura de Polic\u00eda Local<br \/>\nEdificio Ranilla<br \/>\n41001 Sevilla[\/et_pb_text][\/et_pb_column][et_pb_column type=\u00bb1_4&#8243; _builder_version=\u00bb4.16&#8243; _module_preset=\u00bbdefault\u00bb global_colors_info=\u00bb{}\u00bb][et_pb_text disabled_on=\u00bboff|off|off\u00bb _builder_version=\u00bb4.16&#8243; _module_preset=\u00bbdefault\u00bb header_4_font=\u00bbBebas Neue||||||||\u00bb header_4_font_size=\u00bb22px\u00bb header_4_letter_spacing=\u00bb4px\u00bb header_4_line_height=\u00bb1.6em\u00bb background_layout=\u00bbdark\u00bb custom_margin=\u00bb||||false|false\u00bb header_4_font_size_tablet=\u00bb20px\u00bb header_4_font_size_phone=\u00bb16px\u00bb header_4_font_size_last_edited=\u00bbon|phone\u00bb border_color_all=\u00bb#2ea3f2&#8243; border_width_bottom=\u00bb5px\u00bb locked=\u00bboff\u00bb global_colors_info=\u00bb{}\u00bb custom_margin__hover_enabled=\u00bboff|desktop\u00bb]<\/p>\n<h4>Enlaces<\/h4>\n<p>[\/et_pb_text][et_pb_text disabled_on=\u00bboff|off|off\u00bb _builder_version=\u00bb4.16&#8243; _module_preset=\u00bbdefault\u00bb text_font=\u00bb|600|||||||\u00bb text_font_size=\u00bb16px\u00bb text_line_height=\u00bb2em\u00bb link_text_color=\u00bb#ffffff\u00bb background_layout=\u00bbdark\u00bb text_font_size_tablet=\u00bb\u00bb text_font_size_phone=\u00bb14px\u00bb text_font_size_last_edited=\u00bbon|phone\u00bb locked=\u00bboff\u00bb global_colors_info=\u00bb{}\u00bb link_text_color__hover=\u00bb#ea3900&#8243; link_text_color__hover_enabled=\u00bbon|desktop\u00bb]<\/p>\n<p><a href=\"https:\/\/accpl.es\">accpl.es<\/a><br \/><a href=\"https:\/\/accpl.es\/socios\">accpl.es\/socios<\/a><\/p>\n<p>[\/et_pb_text][\/et_pb_column][\/et_pb_row][et_pb_row _builder_version=\u00bb4.16&#8243; _module_preset=\u00bbdefault\u00bb global_colors_info=\u00bb{}\u00bb][et_pb_column type=\u00bb4_4&#8243; _builder_version=\u00bb4.16&#8243; _module_preset=\u00bbdefault\u00bb global_colors_info=\u00bb{}\u00bb][et_pb_text _builder_version=\u00bb4.27.0&#8243; _module_preset=\u00bbdefault\u00bb text_font=\u00bb|600|||||||\u00bb text_font_size=\u00bb16px\u00bb text_line_height=\u00bb2em\u00bb link_text_color=\u00bb#ffffff\u00bb background_layout=\u00bbdark\u00bb text_font_size_tablet=\u00bb\u00bb text_font_size_phone=\u00bb14px\u00bb text_font_size_last_edited=\u00bbon|phone\u00bb global_colors_info=\u00bb{}\u00bb link_text_color__hover_enabled=\u00bbon|desktop\u00bb link_text_color__hover=\u00bb#ea3900&#8243;]<\/p>\n<p>ACCPL \u00a9 2024\u00a0 |\u00a0 Dise\u00f1ado por <a href=\"https:\/\/nawebgando.com\/\">NAWEBGANDO<\/a><\/p>\n<p>[\/et_pb_text][\/et_pb_column][\/et_pb_row][\/et_pb_section]<\/p>\n","protected":false},"excerpt":{"rendered":"<h2><span style=\"color: #3366ff;\"><strong>Precio: <\/strong><\/span><span style=\"color: #3366ff;\"><strong><span style=\"color: #ff0000;\">8\u20ac<\/span><\/strong><\/span><\/h2>\n<h4>PRECIO PARA EL SOCIO DE ACCPL 8\u20ac (50% subvencionado por la ACCPL), BENEFICIARIO O ACOMPA\u00d1ANTE 16\u20ac<\/h4>\n<h4><span style=\"color: #3366ff;\">N\u00ba m\u00e1ximo de Plazas: 30 personas (1 socio\/a y un beneficiario)<\/span><\/h4>\n<h4><span style=\"color: #3366ff;\"><strong><span style=\"color: #ff0000;\">ATENCI\u00d3N: realizar una reserva por socio, no realizar varias reservas en una misma compra.<\/span><\/strong><\/span><\/h4>\n","protected":false},"featured_media":5560,"template":"","meta":{"_et_pb_use_builder":"on","_et_pb_old_content":"<strong>SALA CERO<\/strong>, Calle Sol n\u00fam. 5\r\nOBRA: <strong>\"PALCO COFRADE\"<\/strong>\r\nD\u00cdA: <strong>S\u00c1BADO 21 DE MARZO<\/strong>\r\n<strong>21:30 HORAS<\/strong>\r\nDuraci\u00f3n de la funci\u00f3n: 80 minutos aprox.\r\nTOTAL DE LOCALIDADES <span style=\"text-decoration: underline\">DISPONIBLES 30<\/span>\r\n\r\n<span style=\"text-decoration: underline\">PRECIO PARA EL <span style=\"color: #0000ff;text-decoration: underline\"><strong>SOCIO<\/strong> <\/span>DE ACCPL<\/span> <strong><span style=\"color: #0000ff\">8\u20ac<\/span><\/strong>, <span style=\"text-decoration: underline\">BENEFICIARIO O ACOMPA\u00d1ANTE<\/span> <strong><span style=\"color: #ff0000\">16\u20ac<\/span><\/strong>\r\n\r\nEsta secci\u00f3n estar\u00e1 <strong>disponible hasta las 12:00h. del 19 de marzo de 2026<\/strong>, o hasta agotar plazas.\r\n\r\nSinopsis:\r\n\r\nPalco Cofrade es una comedia coral ambientada en la Semana Santa de Sevilla. Un abanico de sketches donde cada d\u00eda santo de la semana, tiene su propia historia.\r\nUn bocadillo que se cae en mitad de una bulla, un costalero que se hace mayor, disputas hist\u00f3ricas entre hermanos mayores y dos se\u00f1oras con un paraguas son algunas de las historias que encontrar\u00e1s en este espect\u00e1culo tan cofrade. Todo desde el prisma particular de esta compa\u00f1\u00eda, Noche de Rep\u00e1lagos.\r\nDesde el m\u00e1s profundo respeto hacia la Semana Santa, Palco Cofrade construye una s\u00e1tira \u00e1cida y reconocible sobre identidad y pertenencia a una tradici\u00f3n que forma una parte muy importante de esta ciudad.\r\n\r\nVocal responsable: Jos\u00e9 Mar\u00eda Caballero. Tel\u00e9fono: 630908687\r\n\r\nJUNTA DIRECTIVA ACCPL","_et_gb_content_width":""},"product_brand":[],"product_cat":[20],"product_tag":[],"class_list":{"0":"post-5563","1":"product","2":"type-product","3":"status-publish","4":"has-post-thumbnail","6":"product_cat-visitas-culturales","8":"first","9":"instock","10":"virtual","11":"sold-individually","12":"purchasable","13":"product-type-booking"},"_links":{"self":[{"href":"https:\/\/accpl.es\/entradas\/wp-json\/wp\/v2\/product\/5563","targetHints":{"allow":["GET"]}}],"collection":[{"href":"https:\/\/accpl.es\/entradas\/wp-json\/wp\/v2\/product"}],"about":[{"href":"https:\/\/accpl.es\/entradas\/wp-json\/wp\/v2\/types\/product"}],"wp:featuredmedia":[{"embeddable":true,"href":"https:\/\/accpl.es\/entradas\/wp-json\/wp\/v2\/media\/5560"}],"wp:attachment":[{"href":"https:\/\/accpl.es\/entradas\/wp-json\/wp\/v2\/media?parent=5563"}],"wp:term":[{"taxonomy":"product_brand","embeddable":true,"href":"https:\/\/accpl.es\/entradas\/wp-json\/wp\/v2\/product_brand?post=5563"},{"taxonomy":"product_cat","embeddable":true,"href":"https:\/\/accpl.es\/entradas\/wp-json\/wp\/v2\/product_cat?post=5563"},{"taxonomy":"product_tag","embeddable":true,"href":"https:\/\/accpl.es\/entradas\/wp-json\/wp\/v2\/product_tag?post=5563"}],"curies":[{"name":"wp","href":"https:\/\/api.w.org\/{rel}","templated":true}]}}