{"id":5669,"date":"2026-04-06T10:51:36","date_gmt":"2026-04-06T08:51:36","guid":{"rendered":"https:\/\/accpl.es\/entradas\/?post_type=product&#038;p=5669"},"modified":"2026-04-24T01:11:05","modified_gmt":"2026-04-23T23:11:05","slug":"1-concurso-de-sevillanas-accpl","status":"publish","type":"product","link":"https:\/\/accpl.es\/entradas\/producto\/1-concurso-de-sevillanas-accpl\/","title":{"rendered":"I CONCURSO DE SEVILLANAS ACCPL"},"content":{"rendered":"<p>[et_pb_section fb_built=\u00bb1&#8243; _builder_version=\u00bb4.20.2&#8243; custom_padding=\u00bb||||false|false\u00bb global_colors_info=\u00bb{}\u00bb][et_pb_row _builder_version=\u00bb4.16&#8243; background_size=\u00bbinitial\u00bb background_position=\u00bbtop_left\u00bb background_repeat=\u00bbrepeat\u00bb width=\u00bb100%\u00bb custom_padding=\u00bb0px||0px||false|false\u00bb global_colors_info=\u00bb{}\u00bb][et_pb_column type=\u00bb4_4&#8243; _builder_version=\u00bb4.16&#8243; custom_padding=\u00bb|||\u00bb global_colors_info=\u00bb{}\u00bb custom_padding__hover=\u00bb|||\u00bb][et_pb_wc_breadcrumb disabled_on=\u00bbon|on|on\u00bb _builder_version=\u00bb4.16&#8243; disabled=\u00bbon\u00bb global_colors_info=\u00bb{}\u00bb][\/et_pb_wc_breadcrumb][et_pb_wc_cart_notice _builder_version=\u00bb4.16&#8243; global_colors_info=\u00bb{}\u00bb][\/et_pb_wc_cart_notice][\/et_pb_column][\/et_pb_row][et_pb_row column_structure=\u00bb1_2,1_2&#8243; _builder_version=\u00bb4.16&#8243; background_size=\u00bbinitial\u00bb background_position=\u00bbtop_left\u00bb background_repeat=\u00bbrepeat\u00bb width=\u00bb100%\u00bb custom_padding=\u00bb0px||||false|false\u00bb global_colors_info=\u00bb{}\u00bb][et_pb_column type=\u00bb1_2&#8243; _builder_version=\u00bb4.16&#8243; custom_padding=\u00bb|||\u00bb global_colors_info=\u00bb{}\u00bb custom_padding__hover=\u00bb|||\u00bb][et_pb_wc_images _builder_version=\u00bb4.16&#8243; global_colors_info=\u00bb{}\u00bb][\/et_pb_wc_images][et_pb_text disabled_on=\u00bbon|on|on\u00bb _builder_version=\u00bb4.25.0&#8243; _module_preset=\u00bbdefault\u00bb text_font_size=\u00bb16px\u00bb disabled=\u00bbon\u00bb global_colors_info=\u00bb{}\u00bb]<\/p>\n<p><span style=\"color: #000000;\">-F\u00daTBOL 7 \u00abMemorial Jos\u00e9 Lu\u00eds Luque\u00bb<\/span><\/p>\n<p><span style=\"color: #000000;\">-Campeonato CROSSFIT \u00abMemorial Jos\u00e9 Carlos T\u00e9llez\u00bb<\/span><\/p>\n<p><span style=\"color: #000000;\">-CROSS \u00abParque del Alamillo\u00bb<\/span><\/p>\n<p><span style=\"color: #000000;\">-P\u00c1DEL \u00abMemorial Sergio Rodr\u00edguez-Prat\u00bb<\/span><\/p>\n<p><span style=\"color: #000000;\">-TENIS DE MESA<\/span><\/p>\n<p><span style=\"color: #000000;\">-BTT<\/span><\/p>\n<p><span style=\"color: #000000;\">-TIRO POLICIAL<\/span><\/p>\n<p><span style=\"color: #000000;\">-AIRSOFT<\/span><\/p>\n<p><span style=\"color: #000000;\">-TIRO AL PLATO \u00abMemorial Manuel Orbello\u00bb<\/span><\/p>\n<p>[\/et_pb_text][\/et_pb_column][et_pb_column type=\u00bb1_2&#8243; _builder_version=\u00bb4.16&#8243; custom_padding=\u00bb|||\u00bb global_colors_info=\u00bb{}\u00bb custom_padding__hover=\u00bb|||\u00bb][et_pb_wc_title _builder_version=\u00bb4.16&#8243; global_colors_info=\u00bb{}\u00bb][\/et_pb_wc_title][et_pb_text _builder_version=\u00bb4.27.6&#8243; _module_preset=\u00bbdefault\u00bb text_font_size=\u00bb16px\u00bb global_colors_info=\u00bb{}\u00bb][\/et_pb_text][et_pb_wc_rating disabled_on=\u00bbon|on|on\u00bb _builder_version=\u00bb4.16&#8243; disabled=\u00bbon\u00bb global_colors_info=\u00bb{}\u00bb][\/et_pb_wc_rating][et_pb_wc_price disabled_on=\u00bbon|on|on\u00bb _builder_version=\u00bb4.16&#8243; disabled=\u00bbon\u00bb global_colors_info=\u00bb{}\u00bb][\/et_pb_wc_price][et_pb_wc_description _builder_version=\u00bb4.16&#8243; global_colors_info=\u00bb{}\u00bb][\/et_pb_wc_description][et_pb_wc_add_to_cart _builder_version=\u00bb4.27.4&#8243; global_colors_info=\u00bb{}\u00bb][\/et_pb_wc_add_to_cart][et_pb_wc_meta _builder_version=\u00bb4.16&#8243; global_colors_info=\u00bb{}\u00bb][\/et_pb_wc_meta][\/et_pb_column][\/et_pb_row][et_pb_row _builder_version=\u00bb4.16&#8243; background_size=\u00bbinitial\u00bb background_position=\u00bbtop_left\u00bb background_repeat=\u00bbrepeat\u00bb width=\u00bb100%\u00bb global_colors_info=\u00bb{}\u00bb][et_pb_column type=\u00bb4_4&#8243; _builder_version=\u00bb4.16&#8243; custom_padding=\u00bb|||\u00bb global_colors_info=\u00bb{}\u00bb custom_padding__hover=\u00bb|||\u00bb][et_pb_wc_tabs _builder_version=\u00bb4.16&#8243; global_colors_info=\u00bb{}\u00bb]\t\t\t\t\t[\/et_pb_wc_tabs][et_pb_wc_upsells _builder_version=\u00bb4.16&#8243; global_colors_info=\u00bb{}\u00bb][\/et_pb_wc_upsells][et_pb_wc_related_products disabled_on=\u00bbon|on|on\u00bb _builder_version=\u00bb4.16&#8243; disabled=\u00bbon\u00bb global_colors_info=\u00bb{}\u00bb][\/et_pb_wc_related_products][\/et_pb_column][\/et_pb_row][\/et_pb_section][et_pb_section fb_built=\u00bb1&#8243; admin_label=\u00bbFooter\u00bb module_id=\u00bbcontacto\u00bb _builder_version=\u00bb4.10.6&#8243; _module_preset=\u00bbdefault\u00bb background_color=\u00bb#000000&#8243; global_module=\u00bb647&#8243; saved_tabs=\u00bball\u00bb locked=\u00bboff\u00bb global_colors_info=\u00bb{}\u00bb][et_pb_row column_structure=\u00bb1_2,1_4,1_4&#8243; _builder_version=\u00bb4.16&#8243; _module_preset=\u00bbdefault\u00bb global_colors_info=\u00bb{}\u00bb][et_pb_column type=\u00bb1_2&#8243; _builder_version=\u00bb4.16&#8243; _module_preset=\u00bbdefault\u00bb global_colors_info=\u00bb{}\u00bb][et_pb_text _builder_version=\u00bb4.16&#8243; _module_preset=\u00bbdefault\u00bb text_font=\u00bbBebas Neue||||||||\u00bb text_text_color=\u00bb#ffffff\u00bb text_font_size=\u00bb40px\u00bb text_letter_spacing=\u00bb0.05em\u00bb text_line_height=\u00bb1.2em\u00bb link_text_color=\u00bb#ffffff\u00bb header_3_font=\u00bbBebas Neue||||||||\u00bb header_3_text_color=\u00bbrgba(255,255,255,0.48)\u00bb text_font_size_tablet=\u00bb30px\u00bb text_font_size_phone=\u00bb22px\u00bb text_font_size_last_edited=\u00bbon|tablet\u00bb global_colors_info=\u00bb{}\u00bb]<\/p>\n<h3>Tel\u00e9fono<\/h3>\n<p>955 47 38 04<\/p>\n<p>[\/et_pb_text][et_pb_text _builder_version=\u00bb4.16&#8243; _module_preset=\u00bbdefault\u00bb text_font=\u00bb||||||||\u00bb text_font_size=\u00bb40px\u00bb text_letter_spacing=\u00bb0.05px\u00bb header_3_font=\u00bbBebas Neue||||||||\u00bb header_3_text_color=\u00bbrgba(255,255,255,0.48)\u00bb global_colors_info=\u00bb{}\u00bb]<\/p>\n<h3>Email<\/h3>\n<p><a href=\"mailto:accpl@accpl.es\">accpl@accpl.es<\/a><\/p>\n<p>[\/et_pb_text][et_pb_social_media_follow disabled_on=\u00bbon|on|on\u00bb _builder_version=\u00bb4.16&#8243; _module_preset=\u00bbdefault\u00bb disabled=\u00bbon\u00bb global_colors_info=\u00bb{}\u00bb body_font_size_tablet=\u00bb20px\u00bb body_font_size_phone=\u00bb16px\u00bb body_font_size_last_edited=\u00bbon|phone\u00bb icon_color__hover_enabled=\u00bbon|hover\u00bb icon_color__hover=\u00bb#ea3900&#8243;][et_pb_social_media_follow_network social_network=\u00bbfacebook\u00bb url=\u00bbhttps:\/\/www.facebook.com\/Info-Paraiso-197082217383203&#8243; _builder_version=\u00bb4.16&#8243; _module_preset=\u00bbdefault\u00bb background_enable_color=\u00bboff\u00bb global_colors_info=\u00bb{}\u00bb follow_button=\u00bboff\u00bb url_new_window=\u00bbon\u00bb]facebook[\/et_pb_social_media_follow_network][et_pb_social_media_follow_network social_network=\u00bbinstagram\u00bb url=\u00bbhttps:\/\/www.instagram.com\/infoparaiso\/\u00bb _builder_version=\u00bb4.16&#8243; _module_preset=\u00bbdefault\u00bb background_color=\u00bb#ea2c59&#8243; background_enable_color=\u00bboff\u00bb global_colors_info=\u00bb{}\u00bb follow_button=\u00bboff\u00bb url_new_window=\u00bbon\u00bb]instagram[\/et_pb_social_media_follow_network][et_pb_social_media_follow_network social_network=\u00bbtwitter\u00bb url=\u00bbhttps:\/\/twitter.com\/?lang=es\u00bb _builder_version=\u00bb4.16&#8243; _module_preset=\u00bbdefault\u00bb background_enable_color=\u00bboff\u00bb global_colors_info=\u00bb{}\u00bb follow_button=\u00bboff\u00bb url_new_window=\u00bbon\u00bb]twitter[\/et_pb_social_media_follow_network][et_pb_social_media_follow_network social_network=\u00bbyoutube\u00bb _builder_version=\u00bb4.16&#8243; _module_preset=\u00bbdefault\u00bb background_color=\u00bb#a82400&#8243; background_enable_color=\u00bboff\u00bb global_colors_info=\u00bb{}\u00bb follow_button=\u00bboff\u00bb url_new_window=\u00bbon\u00bb]youtube[\/et_pb_social_media_follow_network][\/et_pb_social_media_follow][\/et_pb_column][et_pb_column type=\u00bb1_4&#8243; _builder_version=\u00bb4.16&#8243; _module_preset=\u00bbdefault\u00bb global_colors_info=\u00bb{}\u00bb][et_pb_text _builder_version=\u00bb4.16&#8243; _module_preset=\u00bbdefault\u00bb header_4_font=\u00bbBebas Neue||||||||\u00bb header_4_font_size=\u00bb22px\u00bb header_4_letter_spacing=\u00bb4px\u00bb header_4_line_height=\u00bb1.6em\u00bb background_layout=\u00bbdark\u00bb custom_margin=\u00bb||||false|false\u00bb header_4_font_size_tablet=\u00bb20px\u00bb header_4_font_size_phone=\u00bb16px\u00bb header_4_font_size_last_edited=\u00bbon|phone\u00bb border_color_all=\u00bb#2ea3f2&#8243; border_width_bottom=\u00bb5px\u00bb locked=\u00bboff\u00bb global_colors_info=\u00bb{}\u00bb custom_margin__hover_enabled=\u00bboff|desktop\u00bb]<\/p>\n<h4>Direcci\u00f3n<\/h4>\n<p>[\/et_pb_text][et_pb_text _builder_version=\u00bb4.16&#8243; _module_preset=\u00bbdefault\u00bb text_font=\u00bb|600|||||||\u00bb text_font_size=\u00bb16px\u00bb text_line_height=\u00bb2em\u00bb link_text_color=\u00bb#ffffff\u00bb background_layout=\u00bbdark\u00bb text_font_size_tablet=\u00bb\u00bb text_font_size_phone=\u00bb14px\u00bb text_font_size_last_edited=\u00bbon|phone\u00bb global_colors_info=\u00bb{}\u00bb link_text_color__hover_enabled=\u00bbon|desktop\u00bb link_text_color__hover=\u00bb#ea3900&#8243;]<a href=\"#\"><\/a>Clemente Hidalgo<br \/>\nJefatura de Polic\u00eda Local<br \/>\nEdificio Ranilla<br \/>\n41001 Sevilla[\/et_pb_text][\/et_pb_column][et_pb_column type=\u00bb1_4&#8243; _builder_version=\u00bb4.16&#8243; _module_preset=\u00bbdefault\u00bb global_colors_info=\u00bb{}\u00bb][et_pb_text disabled_on=\u00bboff|off|off\u00bb _builder_version=\u00bb4.16&#8243; _module_preset=\u00bbdefault\u00bb header_4_font=\u00bbBebas Neue||||||||\u00bb header_4_font_size=\u00bb22px\u00bb header_4_letter_spacing=\u00bb4px\u00bb header_4_line_height=\u00bb1.6em\u00bb background_layout=\u00bbdark\u00bb custom_margin=\u00bb||||false|false\u00bb header_4_font_size_tablet=\u00bb20px\u00bb header_4_font_size_phone=\u00bb16px\u00bb header_4_font_size_last_edited=\u00bbon|phone\u00bb border_color_all=\u00bb#2ea3f2&#8243; border_width_bottom=\u00bb5px\u00bb locked=\u00bboff\u00bb global_colors_info=\u00bb{}\u00bb custom_margin__hover_enabled=\u00bboff|desktop\u00bb]<\/p>\n<h4>Enlaces<\/h4>\n<p>[\/et_pb_text][et_pb_text disabled_on=\u00bboff|off|off\u00bb _builder_version=\u00bb4.16&#8243; _module_preset=\u00bbdefault\u00bb text_font=\u00bb|600|||||||\u00bb text_font_size=\u00bb16px\u00bb text_line_height=\u00bb2em\u00bb link_text_color=\u00bb#ffffff\u00bb background_layout=\u00bbdark\u00bb text_font_size_tablet=\u00bb\u00bb text_font_size_phone=\u00bb14px\u00bb text_font_size_last_edited=\u00bbon|phone\u00bb locked=\u00bboff\u00bb global_colors_info=\u00bb{}\u00bb link_text_color__hover=\u00bb#ea3900&#8243; link_text_color__hover_enabled=\u00bbon|desktop\u00bb]<\/p>\n<p><a href=\"https:\/\/accpl.es\">accpl.es<\/a><br \/><a href=\"https:\/\/accpl.es\/socios\">accpl.es\/socios<\/a><\/p>\n<p>[\/et_pb_text][\/et_pb_column][\/et_pb_row][et_pb_row _builder_version=\u00bb4.16&#8243; _module_preset=\u00bbdefault\u00bb global_colors_info=\u00bb{}\u00bb][et_pb_column type=\u00bb4_4&#8243; _builder_version=\u00bb4.16&#8243; _module_preset=\u00bbdefault\u00bb global_colors_info=\u00bb{}\u00bb][et_pb_text _builder_version=\u00bb4.27.0&#8243; _module_preset=\u00bbdefault\u00bb text_font=\u00bb|600|||||||\u00bb text_font_size=\u00bb16px\u00bb text_line_height=\u00bb2em\u00bb link_text_color=\u00bb#ffffff\u00bb background_layout=\u00bbdark\u00bb text_font_size_tablet=\u00bb\u00bb text_font_size_phone=\u00bb14px\u00bb text_font_size_last_edited=\u00bbon|phone\u00bb global_colors_info=\u00bb{}\u00bb link_text_color__hover_enabled=\u00bbon|desktop\u00bb link_text_color__hover=\u00bb#ea3900&#8243;]<\/p>\n<p>ACCPL \u00a9 2024\u00a0 |\u00a0 Dise\u00f1ado por <a href=\"https:\/\/nawebgando.com\/\">NAWEBGANDO<\/a><\/p>\n<p>[\/et_pb_text][\/et_pb_column][\/et_pb_row][\/et_pb_section]<\/p>\n","protected":false},"excerpt":{"rendered":"<h2><\/h2>\n<h2><span style=\"color: #3366ff;\"><strong>Para socios y acompa\u00f1antes<\/strong><\/span><\/h2>\n<h4><span style=\"color: #3366ff;\">N\u00ba de Plazas: 20 parejas por categor\u00eda<\/span><\/h4>\n","protected":false},"featured_media":5670,"template":"","meta":{"_et_pb_use_builder":"on","_et_pb_old_content":"Se crea este concurso con la intenci\u00f3n de potenciar y difundir la costumbre de utilizar este baile y sus ropas t\u00edpicas en la CASETA de la Feria de Sevilla, as\u00ed como para ofrecer a los\/as socios\/as una actividad m\u00e1s para fomentar su hermandad y que se pueda mantener a\u00f1o tras a\u00f1o.\r\n\r\nPodr\u00e1n participar parejas compuestas por dos personas de igual o distinto sexo. As\u00ed mismo, se establecen dos categor\u00edas, seg\u00fan la edad de los participantes:\r\n<ul>\r\n \t<li>Infantil\/juvenil: incluye a todos aquellos participantes que no hayan cumplido los 18 a\u00f1os a la finalizaci\u00f3n del plazo de inscripci\u00f3n<\/li>\r\n \t<li>Adultos: incluye a todos aquellos participantes mayores de 18 a\u00f1os<\/li>\r\n<\/ul>\r\nPodr\u00e1 participar en este Certamen y en cada categor\u00eda, cualquier persona interesada socia\/beneficiaria de la Caseta y\/o con acompa\u00f1ante.\r\n\r\nEl Jurado estar\u00e1 compuesto por las siguientes personas, ambas profesionales en la materia:\r\n\r\n<strong>Adri\u00e1n Gardel<\/strong> (Titulado en Daprise, alumno de 5\u00ba curso profesional de Danza Espa\u00f1ola en el conservatorio Profesional de Danza de Sevilla. Ganador de varios concursos de sevillanas).\r\n<strong>Ana Arribas<\/strong> (Titulada en Daprise y Academia. Ganadora de varios concursos de sevillanas).\r\n<p class=\"cvGsUA direction-ltr align-justify para-style-body\"><strong><span class=\"a_GcMg font-feature-liga-off font-feature-clig-off font-feature-calt-off text-decoration-none text-strikethrough-none\">PREMIOS<\/span><\/strong><\/p>\r\n<p class=\"cvGsUA direction-ltr align-justify para-style-body\"><span class=\"a_GcMg font-feature-liga-off font-feature-clig-off font-feature-calt-off text-decoration-none text-strikethrough-none\">Categor\u00eda <strong>Infantil\/juvenil<\/strong>:<\/span><\/p>\r\n\r\n<ul>\r\n \t<li class=\"cvGsUA direction-ltr align-justify para-style-body\"><span class=\"a_GcMg font-feature-liga-off font-feature-clig-off font-feature-calt-off text-decoration-none text-strikethrough-none\">1\u00ba premio: trofeo, diploma y 75 \u20ac en consumici\u00f3n\/px<\/span><\/li>\r\n \t<li class=\"cvGsUA direction-ltr align-justify para-style-body\"><span class=\"a_GcMg font-feature-liga-off font-feature-clig-off font-feature-calt-off text-decoration-none text-strikethrough-none\">2\u00ba premio: trofeo, diploma y 40 \u20ac en consumici\u00f3n\/px<\/span><\/li>\r\n<\/ul>\r\n<p class=\"cvGsUA direction-ltr align-justify para-style-body\"><span class=\"a_GcMg font-feature-liga-off font-feature-clig-off font-feature-calt-off text-decoration-none text-strikethrough-none\">Categor\u00eda <strong>Adultos<\/strong>:<\/span><\/p>\r\n\r\n<ul>\r\n \t<li class=\"cvGsUA direction-ltr align-justify para-style-body\"><span class=\"a_GcMg font-feature-liga-off font-feature-clig-off font-feature-calt-off text-decoration-none text-strikethrough-none\">1\u00ba premio: trofeo, diploma y 75 \u20ac en consumici\u00f3n\/px<\/span><\/li>\r\n \t<li class=\"cvGsUA direction-ltr align-justify para-style-body\"><span class=\"a_GcMg font-feature-liga-off font-feature-clig-off font-feature-calt-off text-decoration-none text-strikethrough-none\">2\u00ba premio: trofeo, diploma y 40 \u20ac en consumici\u00f3n\/px<\/span><\/li>\r\n<\/ul>\r\n<strong>Estampa Flamenca<\/strong>:\r\n- El presente premio reconocer\u00e1 a la pareja mejor ataviada y conjuntada en lo referente a la indumentaria flamenca (traje femenino y masculino, complementos, etc.).\r\n- Premio: trofeo, diploma y 30 \u20ac en consumici\u00f3n\/px\r\n\r\n<strong>D\u00eda de celebraci\u00f3n del concurso<\/strong>:\r\n- <span style=\"color: #ff0000\"><strong>Viernes 24 de abril<\/strong><\/span>\r\n- A las <span style=\"color: #ff0000\">13:00 horas recogida de dorsales<\/span>, comenzando el concurso a las <span style=\"color: #ff0000\">13:30 horas<\/span>\r\n\r\nLA JUNTA DIRECTIVA.","_et_gb_content_width":""},"product_brand":[],"product_cat":[22],"product_tag":[],"class_list":{"0":"post-5669","1":"product","2":"type-product","3":"status-publish","4":"has-post-thumbnail","6":"product_cat-feria","8":"first","9":"instock","10":"virtual","11":"purchasable","12":"product-type-simple"},"_links":{"self":[{"href":"https:\/\/accpl.es\/entradas\/wp-json\/wp\/v2\/product\/5669","targetHints":{"allow":["GET"]}}],"collection":[{"href":"https:\/\/accpl.es\/entradas\/wp-json\/wp\/v2\/product"}],"about":[{"href":"https:\/\/accpl.es\/entradas\/wp-json\/wp\/v2\/types\/product"}],"wp:featuredmedia":[{"embeddable":true,"href":"https:\/\/accpl.es\/entradas\/wp-json\/wp\/v2\/media\/5670"}],"wp:attachment":[{"href":"https:\/\/accpl.es\/entradas\/wp-json\/wp\/v2\/media?parent=5669"}],"wp:term":[{"taxonomy":"product_brand","embeddable":true,"href":"https:\/\/accpl.es\/entradas\/wp-json\/wp\/v2\/product_brand?post=5669"},{"taxonomy":"product_cat","embeddable":true,"href":"https:\/\/accpl.es\/entradas\/wp-json\/wp\/v2\/product_cat?post=5669"},{"taxonomy":"product_tag","embeddable":true,"href":"https:\/\/accpl.es\/entradas\/wp-json\/wp\/v2\/product_tag?post=5669"}],"curies":[{"name":"wp","href":"https:\/\/api.w.org\/{rel}","templated":true}]}}