{"id":5925,"date":"2026-04-29T09:32:02","date_gmt":"2026-04-29T07:32:02","guid":{"rendered":"https:\/\/accpl.es\/entradas\/?post_type=product&#038;p=5925"},"modified":"2026-04-29T09:35:21","modified_gmt":"2026-04-29T07:35:21","slug":"visita-teatralizada-sobre-la-alameda-de-hercules-lista-de-espera","status":"publish","type":"product","link":"https:\/\/accpl.es\/entradas\/producto\/visita-teatralizada-sobre-la-alameda-de-hercules-lista-de-espera\/","title":{"rendered":"VISITA TEATRALIZADA SOBRE LA ALAMEDA DE H\u00c9RCULES (lista de espera)"},"content":{"rendered":"<p>[et_pb_section fb_built=\u00bb1&#8243; _builder_version=\u00bb4.16&#8243; custom_padding=\u00bb0px||||false|false\u00bb global_colors_info=\u00bb{}\u00bb][et_pb_row _builder_version=\u00bb4.16&#8243; background_size=\u00bbinitial\u00bb background_position=\u00bbtop_left\u00bb background_repeat=\u00bbrepeat\u00bb width=\u00bb100%\u00bb custom_padding=\u00bb0px||0px||false|false\u00bb global_colors_info=\u00bb{}\u00bb][et_pb_column type=\u00bb4_4&#8243; _builder_version=\u00bb4.16&#8243; custom_padding=\u00bb|||\u00bb global_colors_info=\u00bb{}\u00bb custom_padding__hover=\u00bb|||\u00bb][et_pb_wc_breadcrumb _builder_version=\u00bb4.16&#8243; global_colors_info=\u00bb{}\u00bb][\/et_pb_wc_breadcrumb][et_pb_wc_cart_notice _builder_version=\u00bb4.16&#8243; global_colors_info=\u00bb{}\u00bb][\/et_pb_wc_cart_notice][\/et_pb_column][\/et_pb_row][et_pb_row column_structure=\u00bb1_2,1_2&#8243; _builder_version=\u00bb4.16&#8243; background_size=\u00bbinitial\u00bb background_position=\u00bbtop_left\u00bb background_repeat=\u00bbrepeat\u00bb width=\u00bb100%\u00bb custom_padding=\u00bb0px||||false|false\u00bb global_colors_info=\u00bb{}\u00bb][et_pb_column type=\u00bb1_2&#8243; _builder_version=\u00bb4.16&#8243; custom_padding=\u00bb|||\u00bb global_colors_info=\u00bb{}\u00bb custom_padding__hover=\u00bb|||\u00bb][et_pb_wc_images _builder_version=\u00bb4.16&#8243; global_colors_info=\u00bb{}\u00bb][\/et_pb_wc_images][et_pb_wc_description disabled_on=\u00bbon|off|off\u00bb _builder_version=\u00bb4.16&#8243; global_colors_info=\u00bb{}\u00bb][\/et_pb_wc_description][\/et_pb_column][et_pb_column type=\u00bb1_2&#8243; _builder_version=\u00bb4.16&#8243; custom_padding=\u00bb|||\u00bb global_colors_info=\u00bb{}\u00bb custom_padding__hover=\u00bb|||\u00bb][et_pb_wc_title _builder_version=\u00bb4.16&#8243; global_colors_info=\u00bb{}\u00bb][\/et_pb_wc_title][et_pb_text _builder_version=\u00bb4.27.6&#8243; _module_preset=\u00bbdefault\u00bb text_font_size=\u00bb16px\u00bb hover_enabled=\u00bb0&#8243; global_colors_info=\u00bb{}\u00bb sticky_enabled=\u00bb0&#8243;]<\/p>\n<p>D\u00eda: <strong>VIERNES 08 de mayo<\/strong><\/p>\n<p>Hora: <strong>20:00 horas<\/strong><\/p>\n<div>\n<div class=\"gmail_signature\" dir=\"ltr\">\n<div dir=\"ltr\">\n<div>\n<h2><span style=\"color: #ff0000;\"><strong>SI LAS PLAZAS EST\u00c1N AGOTADAS&#8230;<\/strong><\/span><\/h2>\n<h2><strong>Ap\u00fantate a la lista de espera, y en caso de que se te incluya en el listado, se te avisar\u00e1 telef\u00f3nicamente.<\/strong><\/h2>\n<\/div>\n<\/div>\n<\/div>\n<\/div>\n<p>[\/et_pb_text][et_pb_wc_rating disabled_on=\u00bbon|on|on\u00bb _builder_version=\u00bb4.16&#8243; disabled=\u00bbon\u00bb global_colors_info=\u00bb{}\u00bb][\/et_pb_wc_rating][et_pb_wc_price disabled_on=\u00bbon|on|on\u00bb _builder_version=\u00bb4.16&#8243; disabled=\u00bbon\u00bb global_colors_info=\u00bb{}\u00bb][\/et_pb_wc_price][et_pb_wc_description disabled_on=\u00bboff|on|on\u00bb _builder_version=\u00bb4.16&#8243; global_colors_info=\u00bb{}\u00bb][\/et_pb_wc_description][et_pb_wc_add_to_cart _builder_version=\u00bb4.16&#8243; global_colors_info=\u00bb{}\u00bb][\/et_pb_wc_add_to_cart][et_pb_wc_meta _builder_version=\u00bb4.16&#8243; global_colors_info=\u00bb{}\u00bb][\/et_pb_wc_meta][\/et_pb_column][\/et_pb_row][et_pb_row _builder_version=\u00bb4.16&#8243; background_size=\u00bbinitial\u00bb background_position=\u00bbtop_left\u00bb background_repeat=\u00bbrepeat\u00bb width=\u00bb100%\u00bb global_colors_info=\u00bb{}\u00bb][et_pb_column type=\u00bb4_4&#8243; _builder_version=\u00bb4.16&#8243; custom_padding=\u00bb|||\u00bb global_colors_info=\u00bb{}\u00bb custom_padding__hover=\u00bb|||\u00bb][et_pb_wc_tabs _builder_version=\u00bb4.16&#8243; global_colors_info=\u00bb{}\u00bb] [\/et_pb_wc_tabs][et_pb_wc_upsells _builder_version=\u00bb4.16&#8243; global_colors_info=\u00bb{}\u00bb][\/et_pb_wc_upsells][et_pb_wc_related_products disabled_on=\u00bbon|on|on\u00bb _builder_version=\u00bb4.16&#8243; disabled=\u00bbon\u00bb global_colors_info=\u00bb{}\u00bb][\/et_pb_wc_related_products][\/et_pb_column][\/et_pb_row][\/et_pb_section][et_pb_section fb_built=\u00bb1&#8243; admin_label=\u00bbFooter\u00bb module_id=\u00bbcontacto\u00bb _builder_version=\u00bb4.10.6&#8243; _module_preset=\u00bbdefault\u00bb background_color=\u00bb#000000&#8243; global_module=\u00bb647&#8243; saved_tabs=\u00bball\u00bb locked=\u00bboff\u00bb global_colors_info=\u00bb{}\u00bb][et_pb_row column_structure=\u00bb1_2,1_4,1_4&#8243; _builder_version=\u00bb4.16&#8243; _module_preset=\u00bbdefault\u00bb global_colors_info=\u00bb{}\u00bb][et_pb_column type=\u00bb1_2&#8243; _builder_version=\u00bb4.16&#8243; _module_preset=\u00bbdefault\u00bb global_colors_info=\u00bb{}\u00bb][et_pb_text _builder_version=\u00bb4.16&#8243; _module_preset=\u00bbdefault\u00bb text_font=\u00bbBebas Neue||||||||\u00bb text_text_color=\u00bb#ffffff\u00bb text_font_size=\u00bb40px\u00bb text_letter_spacing=\u00bb0.05em\u00bb text_line_height=\u00bb1.2em\u00bb link_text_color=\u00bb#ffffff\u00bb header_3_font=\u00bbBebas Neue||||||||\u00bb header_3_text_color=\u00bbrgba(255,255,255,0.48)\u00bb text_font_size_tablet=\u00bb30px\u00bb text_font_size_phone=\u00bb22px\u00bb text_font_size_last_edited=\u00bbon|tablet\u00bb global_colors_info=\u00bb{}\u00bb]<\/p>\n<h3>Tel\u00e9fono<\/h3>\n<p>955 47 38 04<\/p>\n<p>[\/et_pb_text][et_pb_text _builder_version=\u00bb4.16&#8243; _module_preset=\u00bbdefault\u00bb text_font=\u00bb||||||||\u00bb text_font_size=\u00bb40px\u00bb text_letter_spacing=\u00bb0.05px\u00bb header_3_font=\u00bbBebas Neue||||||||\u00bb header_3_text_color=\u00bbrgba(255,255,255,0.48)\u00bb global_colors_info=\u00bb{}\u00bb]<\/p>\n<h3>Email<\/h3>\n<p><a href=\"mailto:accpl@accpl.es\">accpl@accpl.es<\/a><\/p>\n<p>[\/et_pb_text][et_pb_social_media_follow disabled_on=\u00bbon|on|on\u00bb _builder_version=\u00bb4.16&#8243; _module_preset=\u00bbdefault\u00bb disabled=\u00bbon\u00bb global_colors_info=\u00bb{}\u00bb body_font_size_tablet=\u00bb20px\u00bb body_font_size_phone=\u00bb16px\u00bb body_font_size_last_edited=\u00bbon|phone\u00bb icon_color__hover_enabled=\u00bbon|hover\u00bb icon_color__hover=\u00bb#ea3900&#8243;][et_pb_social_media_follow_network social_network=\u00bbfacebook\u00bb url=\u00bbhttps:\/\/www.facebook.com\/Info-Paraiso-197082217383203&#8243; _builder_version=\u00bb4.16&#8243; _module_preset=\u00bbdefault\u00bb background_enable_color=\u00bboff\u00bb global_colors_info=\u00bb{}\u00bb follow_button=\u00bboff\u00bb url_new_window=\u00bbon\u00bb]facebook[\/et_pb_social_media_follow_network][et_pb_social_media_follow_network social_network=\u00bbinstagram\u00bb url=\u00bbhttps:\/\/www.instagram.com\/infoparaiso\/\u00bb _builder_version=\u00bb4.16&#8243; _module_preset=\u00bbdefault\u00bb background_color=\u00bb#ea2c59&#8243; background_enable_color=\u00bboff\u00bb global_colors_info=\u00bb{}\u00bb follow_button=\u00bboff\u00bb url_new_window=\u00bbon\u00bb]instagram[\/et_pb_social_media_follow_network][et_pb_social_media_follow_network social_network=\u00bbtwitter\u00bb url=\u00bbhttps:\/\/twitter.com\/?lang=es\u00bb _builder_version=\u00bb4.16&#8243; _module_preset=\u00bbdefault\u00bb background_enable_color=\u00bboff\u00bb global_colors_info=\u00bb{}\u00bb follow_button=\u00bboff\u00bb url_new_window=\u00bbon\u00bb]twitter[\/et_pb_social_media_follow_network][et_pb_social_media_follow_network social_network=\u00bbyoutube\u00bb _builder_version=\u00bb4.16&#8243; _module_preset=\u00bbdefault\u00bb background_color=\u00bb#a82400&#8243; background_enable_color=\u00bboff\u00bb global_colors_info=\u00bb{}\u00bb follow_button=\u00bboff\u00bb url_new_window=\u00bbon\u00bb]youtube[\/et_pb_social_media_follow_network][\/et_pb_social_media_follow][\/et_pb_column][et_pb_column type=\u00bb1_4&#8243; _builder_version=\u00bb4.16&#8243; _module_preset=\u00bbdefault\u00bb global_colors_info=\u00bb{}\u00bb][et_pb_text _builder_version=\u00bb4.16&#8243; _module_preset=\u00bbdefault\u00bb header_4_font=\u00bbBebas Neue||||||||\u00bb header_4_font_size=\u00bb22px\u00bb header_4_letter_spacing=\u00bb4px\u00bb header_4_line_height=\u00bb1.6em\u00bb background_layout=\u00bbdark\u00bb custom_margin=\u00bb||||false|false\u00bb header_4_font_size_tablet=\u00bb20px\u00bb header_4_font_size_phone=\u00bb16px\u00bb header_4_font_size_last_edited=\u00bbon|phone\u00bb border_color_all=\u00bb#2ea3f2&#8243; border_width_bottom=\u00bb5px\u00bb locked=\u00bboff\u00bb global_colors_info=\u00bb{}\u00bb custom_margin__hover_enabled=\u00bboff|desktop\u00bb]<\/p>\n<h4>Direcci\u00f3n<\/h4>\n<p>[\/et_pb_text][et_pb_text _builder_version=\u00bb4.16&#8243; _module_preset=\u00bbdefault\u00bb text_font=\u00bb|600|||||||\u00bb text_font_size=\u00bb16px\u00bb text_line_height=\u00bb2em\u00bb link_text_color=\u00bb#ffffff\u00bb background_layout=\u00bbdark\u00bb text_font_size_tablet=\u00bb\u00bb text_font_size_phone=\u00bb14px\u00bb text_font_size_last_edited=\u00bbon|phone\u00bb global_colors_info=\u00bb{}\u00bb link_text_color__hover_enabled=\u00bbon|desktop\u00bb link_text_color__hover=\u00bb#ea3900&#8243;]<a href=\"#\"><\/a>Clemente Hidalgo<br \/>\nJefatura de Polic\u00eda Local<br \/>\nEdificio Ranilla<br \/>\n41001 Sevilla[\/et_pb_text][\/et_pb_column][et_pb_column type=\u00bb1_4&#8243; _builder_version=\u00bb4.16&#8243; _module_preset=\u00bbdefault\u00bb global_colors_info=\u00bb{}\u00bb][et_pb_text disabled_on=\u00bboff|off|off\u00bb _builder_version=\u00bb4.16&#8243; _module_preset=\u00bbdefault\u00bb header_4_font=\u00bbBebas Neue||||||||\u00bb header_4_font_size=\u00bb22px\u00bb header_4_letter_spacing=\u00bb4px\u00bb header_4_line_height=\u00bb1.6em\u00bb background_layout=\u00bbdark\u00bb custom_margin=\u00bb||||false|false\u00bb header_4_font_size_tablet=\u00bb20px\u00bb header_4_font_size_phone=\u00bb16px\u00bb header_4_font_size_last_edited=\u00bbon|phone\u00bb border_color_all=\u00bb#2ea3f2&#8243; border_width_bottom=\u00bb5px\u00bb locked=\u00bboff\u00bb global_colors_info=\u00bb{}\u00bb custom_margin__hover_enabled=\u00bboff|desktop\u00bb]<\/p>\n<h4>Enlaces<\/h4>\n<p>[\/et_pb_text][et_pb_text disabled_on=\u00bboff|off|off\u00bb _builder_version=\u00bb4.16&#8243; _module_preset=\u00bbdefault\u00bb text_font=\u00bb|600|||||||\u00bb text_font_size=\u00bb16px\u00bb text_line_height=\u00bb2em\u00bb link_text_color=\u00bb#ffffff\u00bb background_layout=\u00bbdark\u00bb text_font_size_tablet=\u00bb\u00bb text_font_size_phone=\u00bb14px\u00bb text_font_size_last_edited=\u00bbon|phone\u00bb locked=\u00bboff\u00bb global_colors_info=\u00bb{}\u00bb link_text_color__hover=\u00bb#ea3900&#8243; link_text_color__hover_enabled=\u00bbon|desktop\u00bb]<\/p>\n<p><a href=\"https:\/\/accpl.es\">accpl.es<\/a><br \/><a href=\"https:\/\/accpl.es\/socios\">accpl.es\/socios<\/a><\/p>\n<p>[\/et_pb_text][\/et_pb_column][\/et_pb_row][et_pb_row _builder_version=\u00bb4.16&#8243; _module_preset=\u00bbdefault\u00bb global_colors_info=\u00bb{}\u00bb][et_pb_column type=\u00bb4_4&#8243; _builder_version=\u00bb4.16&#8243; _module_preset=\u00bbdefault\u00bb global_colors_info=\u00bb{}\u00bb][et_pb_text _builder_version=\u00bb4.27.0&#8243; _module_preset=\u00bbdefault\u00bb text_font=\u00bb|600|||||||\u00bb text_font_size=\u00bb16px\u00bb text_line_height=\u00bb2em\u00bb link_text_color=\u00bb#ffffff\u00bb background_layout=\u00bbdark\u00bb text_font_size_tablet=\u00bb\u00bb text_font_size_phone=\u00bb14px\u00bb text_font_size_last_edited=\u00bbon|phone\u00bb global_colors_info=\u00bb{}\u00bb link_text_color__hover_enabled=\u00bbon|desktop\u00bb link_text_color__hover=\u00bb#ea3900&#8243;]<\/p>\n<p>ACCPL \u00a9 2024\u00a0 |\u00a0 Dise\u00f1ado por <a href=\"https:\/\/nawebgando.com\/\">NAWEBGANDO<\/a><\/p>\n<p>[\/et_pb_text][\/et_pb_column][\/et_pb_row][\/et_pb_section]<\/p>\n","protected":false},"excerpt":{"rendered":"<h2><span style=\"color: #3366ff;\"><strong>Precio: <\/strong><\/span><span style=\"color: #3366ff;\"><strong><span style=\"color: #ff0000;\">13\u20ac<\/span><\/strong><\/span><\/h2>\n<h4>La ACCPL subvenciona el 50% del coste de la actividad para el socio titular quedando en <strong>6,50\u20ac<\/strong> a pagar y 13\u20ac para el acompa\u00f1ante<\/h4>\n<h4><span style=\"color: #3366ff;\">N\u00ba m\u00e1ximo de Plazas: 30 personas<\/span><\/h4>\n<h4><span style=\"color: #3366ff;\"><strong><span style=\"color: #ff0000;\">ATENCI\u00d3N: realizar una reserva por socio, no realizar varias reservas en una misma compra.<\/span><\/strong><\/span><\/h4>\n","protected":false},"featured_media":5915,"template":"","meta":{"_et_pb_use_builder":"on","_et_pb_old_content":"<h1><u>VISITA TEATRALIZADA SOBRE LA ALAMEDA DE H\u00c9RCULES<\/u><\/h1>\r\nVISITA CULTURAL\r\n\r\nD\u00eda:\u00a0<strong>Viernes 08 de mayo<\/strong>\r\nHora:\u00a0<strong>20:00 horas.<\/strong>\r\nLugar de encuentro:<strong>\u00a0calle\u00a0Calatrava, delante de la puerta de la capilla del Carmen.<\/strong>\r\n\r\nPrecio de la visita:\u00a0<strong>13\u20ac<\/strong>, la ACCPL subvenciona el 50% del coste de la actividad para el socio titular quedando en\u00a0<strong>6,50\u20ac<\/strong>\u00a0a pagar y 13\u20ac para el acompa\u00f1ante.\r\nPlazas disponibles:\u00a0<strong>30<\/strong>\r\nTiempo aproximado de la visita:\u00a0<strong>1,30 a 1,45 horas<\/strong>\r\n\r\nLa Alameda de H\u00e9rcules de Sevilla es uno de los espacios m\u00e1s interesantes creados en la Europa del Renacimiento, supuso toda una innovaci\u00f3n en su \u00e9poca, y adem\u00e1s, tuvo una gran repercusi\u00f3n a posteriori en otros lugares de la pen\u00ednsula ib\u00e9rica y del Nuevo Mundo.\r\nEl espacio de la Alameda de H\u00e9rcules, originariamente era uno de los brazos del Guadalquivir que atravesaba Sevilla.\r\nEl mito sobre el origen de esta laguna, Leovigildo, rey de los visigodos, cambi\u00f3 el curso del Guadalquivir en 585 d.C. al cerrar el paso de agua al brazo menor del r\u00edo que flu\u00eda por la Alameda. Esta acci\u00f3n ten\u00eda como objetivo provocar sequ\u00edas en la ciudad y sofocar una rebeli\u00f3n liderada por su hijo Hermenegildo, quien se hab\u00eda convertido al catolicismo y cre\u00f3 un reino independiente en el sur de la pen\u00ednsula.\r\nCon motivo de las obras de mejora de la ciudad en el siglo XVI, se crea este recinto gracias al Conde de Barajas, se va a desecar la primitiva laguna y va a convertir aquel lugar en el primer jard\u00edn p\u00fablico de Europa.\r\nEl lugar se denominaba en aquel entonces la laguna de la Feria y aunque la reforma fue promovida por el Conde de Barajas comenz\u00f3 a ra\u00edz de la visita de Felipe II a Sevilla en 1570, ya que el monarca despu\u00e9s de sus estancias en Flandes quer\u00eda llevar las ideas que hab\u00eda visto a la pen\u00ednsula, y ellas influyeron en la creaci\u00f3n de la Alameda de H\u00e9rcules.\r\nEn abril de 1574, se colocaron dos columnas que probablemente proven\u00edan del Traianeum de It\u00e1lica y hab\u00edan sido reutilizadas en la construcci\u00f3n de la calle M\u00e1rmoles. Sobre estas columnas se erigieron esculturas de H\u00e9rcules, el fundador m\u00edtico de la ciudad, y Julio C\u00e9sar, el restaurador de H\u00edspalis. A estas esculturas se les puso la imagen de monarcas de la \u00e9poca: Carlos I y su hijo Felipe II.\r\nLa Alameda fue denominada as\u00ed por sus \u00e1lamos, tenemos constancia que, en el a\u00f1o 1764, 190 a\u00f1os despu\u00e9s de su inauguraci\u00f3n, se llevaron a cabo obras importantes que incluyeron la plantaci\u00f3n de m\u00e1s de 1600 \u00e1lamos, la instalaci\u00f3n de seis fuentes y la colocaci\u00f3n de dos nuevas columnas coronadas con leones portando los escudos de Espa\u00f1a y Sevilla, realizados por el importante escultor Cayetano de Acosta.\r\nLa Alameda se convirti\u00f3 en el lugar de celebraci\u00f3n de las fiestas locales, reemplazando las festividades del Corpus Christi. Estas nuevas celebraciones de San Juan y San Pedro, podr\u00eda considerarse el precedente de lo que ser\u00eda la feria de abril en el siglo XIX en el Prado de San Sebasti\u00e1n.\r\nLa Alameda de H\u00e9rcules no se qued\u00f3 como algo s\u00f3lo para la ciudad, si no que la importancia de Sevilla como centro del Imperio espa\u00f1ol hizo que su interesante trazado se copiara en otros lugares.\r\n\r\nVocal responsable: Jos\u00e9 Mar\u00eda Caballero, 630908687\r\n\r\nJUNTA DIRECTIVA ACCPL","_et_gb_content_width":""},"product_brand":[],"product_cat":[20],"product_tag":[],"class_list":{"0":"post-5925","1":"product","2":"type-product","3":"status-publish","4":"has-post-thumbnail","6":"product_cat-visitas-culturales","8":"first","9":"instock","10":"virtual","11":"sold-individually","12":"purchasable","13":"product-type-booking"},"_links":{"self":[{"href":"https:\/\/accpl.es\/entradas\/wp-json\/wp\/v2\/product\/5925","targetHints":{"allow":["GET"]}}],"collection":[{"href":"https:\/\/accpl.es\/entradas\/wp-json\/wp\/v2\/product"}],"about":[{"href":"https:\/\/accpl.es\/entradas\/wp-json\/wp\/v2\/types\/product"}],"wp:featuredmedia":[{"embeddable":true,"href":"https:\/\/accpl.es\/entradas\/wp-json\/wp\/v2\/media\/5915"}],"wp:attachment":[{"href":"https:\/\/accpl.es\/entradas\/wp-json\/wp\/v2\/media?parent=5925"}],"wp:term":[{"taxonomy":"product_brand","embeddable":true,"href":"https:\/\/accpl.es\/entradas\/wp-json\/wp\/v2\/product_brand?post=5925"},{"taxonomy":"product_cat","embeddable":true,"href":"https:\/\/accpl.es\/entradas\/wp-json\/wp\/v2\/product_cat?post=5925"},{"taxonomy":"product_tag","embeddable":true,"href":"https:\/\/accpl.es\/entradas\/wp-json\/wp\/v2\/product_tag?post=5925"}],"curies":[{"name":"wp","href":"https:\/\/api.w.org\/{rel}","templated":true}]}}